{"id":96,"date":"2015-12-23T15:02:23","date_gmt":"2015-12-23T15:02:23","guid":{"rendered":"http:\/\/www.lalcecrosario.org.ar\/lalcec\/?page_id=96"},"modified":"2024-07-31T16:52:37","modified_gmt":"2024-07-31T16:52:37","slug":"medicos-profesionales-colaboradores","status":"publish","type":"page","link":"https:\/\/www.lalcecrosario.org.ar\/lalcec\/medicos-profesionales-colaboradores\/","title":{"rendered":"M\u00e9dicos &#8211; Profesionales &#8211; Colaboradores"},"content":{"rendered":"<p style=\"text-align: center;\"><strong>Director M\u00e9dico:<\/strong>\u00a0 Dr. Alejandro Colombo Berra<\/p>\n<table>\n<tbody>\n<tr>\n<td style=\"vertical-align: top;\">ONCOLOG\u00cdA Y AUDITOR\u00cdA M\u00c9DICA<\/td>\n<td style=\"vertical-align: top;\"><\/td>\n<td style=\"vertical-align: top;\">Dr. Alejandro Colombo Berra<\/td>\n<\/tr>\n<tr>\n<td style=\"vertical-align: top;\">GINECOLOG\u00cdA<\/td>\n<td style=\"vertical-align: top;\">Consultor Externo<\/td>\n<td style=\"vertical-align: top;\">Dr. Alfonso Ben\u00edtez Gil<\/td>\n<\/tr>\n<tr>\n<td style=\"vertical-align: top;\"><\/td>\n<td style=\"vertical-align: top;\"><\/td>\n<td style=\"vertical-align: top;\">Dra. Marcela Viale<\/td>\n<\/tr>\n<tr>\n<td style=\"vertical-align: top;\"><\/td>\n<td style=\"vertical-align: top;\"><\/td>\n<td style=\"vertical-align: top;\">Dra. Cynthia Beltrame<\/td>\n<\/tr>\n<tr>\n<td style=\"vertical-align: top;\"><\/td>\n<td style=\"vertical-align: top;\"><\/td>\n<td style=\"vertical-align: top;\">Dr. Juan Capitaine Funes<\/td>\n<\/tr>\n<tr>\n<td style=\"vertical-align: top;\"><\/td>\n<td style=\"vertical-align: top;\">Colposcop\u00eda en Sede<\/td>\n<td style=\"vertical-align: top;\">Dra. Nerina Mattio<\/td>\n<\/tr>\n<tr>\n<td style=\"vertical-align: top;\">CITOLOG\u00cdA<\/td>\n<td style=\"vertical-align: top;\"><\/td>\n<td style=\"vertical-align: top;\">Dra. Ana L\u00eda Nocito<br \/>\nDr. Gustavo Lembo<br \/>\nDr. Mart\u00edn Mondino<\/td>\n<\/tr>\n<tr>\n<td style=\"vertical-align: top;\">ECOGRAF\u00cdAS<\/td>\n<td style=\"vertical-align: top;\"><\/td>\n<td style=\"vertical-align: top;\">Dr. Omar Cardillo<\/td>\n<\/tr>\n<tr>\n<td style=\"vertical-align: top;\">COLON &#8211; RECTO &#8211; ANO<\/td>\n<td style=\"vertical-align: top;\">Atenci\u00f3n en Sede<\/td>\n<td style=\"vertical-align: top;\">Dra. Victoria Trevizan<\/td>\n<\/tr>\n<tr>\n<td style=\"vertical-align: top;\"><\/td>\n<td style=\"vertical-align: top;\">Consultor Externo<\/td>\n<td style=\"vertical-align: top;\">Dr. Orlando Ruffinengo<\/td>\n<\/tr>\n<tr>\n<td style=\"vertical-align: top;\">UROLOG\u00cdA<\/td>\n<td style=\"vertical-align: top;\"><\/td>\n<td style=\"vertical-align: top;\">Dr. Diego Degiovanni<\/td>\n<\/tr>\n<tr>\n<td style=\"vertical-align: top;\">PSICOLOG\u00cdA Y PSICOONCOLOG\u00cdA<\/td>\n<td style=\"vertical-align: top;\">Directora<\/td>\n<td style=\"vertical-align: top;\">Dra.\u00a0 Mabel Doba Scarafoni<\/td>\n<\/tr>\n<tr>\n<td style=\"vertical-align: top;\"><\/td>\n<td style=\"vertical-align: top;\"><\/td>\n<td style=\"vertical-align: top;\">Psic. Guillermo Battaglia<\/td>\n<\/tr>\n<tr>\n<td style=\"vertical-align: top;\">PIEL<\/td>\n<td style=\"vertical-align: top;\"><\/td>\n<td style=\"vertical-align: top;\">Dra. Valeria Pusseto<\/td>\n<\/tr>\n<tr>\n<td style=\"vertical-align: top;\"><span lang=\"ES\">KINESIOLOG\u00cdA<\/span><\/td>\n<td style=\"vertical-align: top;\"><\/td>\n<td style=\"vertical-align: top;\">Kga. Carina Pescetto<\/td>\n<\/tr>\n<tr>\n<td style=\"vertical-align: top;\">TRABAJO SOCIAL<\/td>\n<td style=\"vertical-align: top;\"><\/td>\n<td style=\"vertical-align: top;\">Lic. Ana mar\u00eda Aimaretti<\/td>\n<\/tr>\n<tr>\n<td style=\"vertical-align: top;\">CENTRO DE APOYO Y REAHABILITACI\u00d3N<br \/>\nOPERADOS DE LARINGE (CAROL)<\/td>\n<td style=\"vertical-align: top;\">Directora<\/td>\n<td style=\"vertical-align: top;\">Fon. Baiana Fazzari<br \/>\nSrta. Carina Ojeda<\/td>\n<\/tr>\n<tr>\n<td style=\"vertical-align: top;\">ESTUDIO CONTABLE<\/td>\n<td style=\"vertical-align: top;\"><\/td>\n<td style=\"vertical-align: top;\">Dr. Santiago Casiello<\/td>\n<\/tr>\n<tr>\n<td style=\"vertical-align: top;\">ASESORES ESCRIBANOS<\/td>\n<td style=\"vertical-align: top;\"><\/td>\n<td style=\"vertical-align: top;\">Dr. Tom\u00e1s Casiello<br \/>\nEscribano Eduardo Casiello<\/td>\n<\/tr>\n<\/tbody>\n<\/table>\n<p><strong>COLABORADORES EN TAREAS ADMINISTRATIVAS<\/strong><br \/>\nCristina Largu\u00eda<br \/>\nMar\u00eda Ang\u00e9lica Seminara<\/p>\n<p><strong>VOLUNTARIOS ACOMODACI\u00d3N ESPECT\u00c1CULOS<\/strong><\/p>\n<p><strong>Acomodadores<\/strong>:<br \/>\nAgostini Yvanna, Alvarez Martha, Ag\u00fcero Mar\u00eda, Andreani M\u00f3nica, Bezzasa Vale, Bal Yamila, Biaggiola B\u00e1rbara, Bazzone Cintya, Bossoleti Carolina, Berman Silvia, Brusco Patricia, Bruera Lorena, Coluzzi Tom\u00e1s, Chami Igal, Charr\u00e1s Natalia, Di Carlo Silvia, Di Palma Adriana, Debegni Beatriz, Derbes Janina, D\u00edaz Lorena, Duarte Claudia, Espinoza Melina, Gamba Giuliana, Gallina Luciana, Jofr\u00e9 Antonella, Krichak Daniela, Ledesma Iris, Ledesma Virginia, Mart\u00ednez Vanesa, Moreno Alejandra, Monti Silvia, Montoya Teresa, Negro Nancy, Orocha Silvana, Perez Emilia, Peralta Julieta, Razzeti Fernando, Racca Flor, Ripacabdida Leo, Ram\u00edrez Selva, Rosso Estefan\u00eda, Santill\u00e1n Luciano, Salinas Carina, Scaparotella Flavia, Serrichio Marcela, Silva Veronica, Temporelli Gladys, Trivisone Soledad, Torres Carina, Z\u00e1rate Ayel\u00e9n, Zolezzi Anal\u00eda, Mart\u00ednez Tamara, Mart\u00ednez Vanesa, D\u00edaz Natalia, D\u00edaz Lorena y Zolezzi Anal\u00eda.<\/p>\n<p><strong>Coordinadoras<\/strong>:<\/p>\n<p>Mar\u00eda del Luj\u00e1n Gradilone, \u00c1ngela Regueiro, Elena Morresi, Alejandra Moreno, Mar\u00eda Ag\u00fcero<\/p>\n<p><strong>Responsable del \u00e1rea:<\/strong><br \/>\nSra. Mar\u00eda del Luj\u00e1n Gradilone<\/p>\n","protected":false},"excerpt":{"rendered":"<p>Director M\u00e9dico:\u00a0 Dr. Alejandro Colombo Berra ONCOLOG\u00cdA Y AUDITOR\u00cdA M\u00c9DICA Dr. Alejandro Colombo Berra GINECOLOG\u00cdA Consultor Externo Dr. Alfonso Ben\u00edtez Gil Dra. Marcela Viale Dra. Cynthia Beltrame Dr. Juan Capitaine Funes Colposcop\u00eda en Sede Dra. Nerina Mattio CITOLOG\u00cdA Dra. Ana L\u00eda Nocito Dr. Gustavo Lembo Dr. Mart\u00edn Mondino ECOGRAF\u00cdAS Dr&#8230;.<\/p>\n<p> <a class=\"continue-reading-link\" href=\"https:\/\/www.lalcecrosario.org.ar\/lalcec\/medicos-profesionales-colaboradores\/\"><span>Ampliar<\/span><i class=\"crycon-right-dir\"><\/i><\/a> <\/p>\n","protected":false},"author":1,"featured_media":0,"parent":0,"menu_order":0,"comment_status":"closed","ping_status":"closed","template":"","meta":{"footnotes":""},"class_list":["post-96","page","type-page","status-publish","hentry","wpautop"],"jetpack_sharing_enabled":true,"_links":{"self":[{"href":"https:\/\/www.lalcecrosario.org.ar\/lalcec\/wp-json\/wp\/v2\/pages\/96","targetHints":{"allow":["GET"]}}],"collection":[{"href":"https:\/\/www.lalcecrosario.org.ar\/lalcec\/wp-json\/wp\/v2\/pages"}],"about":[{"href":"https:\/\/www.lalcecrosario.org.ar\/lalcec\/wp-json\/wp\/v2\/types\/page"}],"author":[{"embeddable":true,"href":"https:\/\/www.lalcecrosario.org.ar\/lalcec\/wp-json\/wp\/v2\/users\/1"}],"replies":[{"embeddable":true,"href":"https:\/\/www.lalcecrosario.org.ar\/lalcec\/wp-json\/wp\/v2\/comments?post=96"}],"version-history":[{"count":19,"href":"https:\/\/www.lalcecrosario.org.ar\/lalcec\/wp-json\/wp\/v2\/pages\/96\/revisions"}],"predecessor-version":[{"id":602,"href":"https:\/\/www.lalcecrosario.org.ar\/lalcec\/wp-json\/wp\/v2\/pages\/96\/revisions\/602"}],"wp:attachment":[{"href":"https:\/\/www.lalcecrosario.org.ar\/lalcec\/wp-json\/wp\/v2\/media?parent=96"}],"curies":[{"name":"wp","href":"https:\/\/api.w.org\/{rel}","templated":true}]}}