{"id":89,"date":"2015-12-23T12:36:30","date_gmt":"2015-12-23T12:36:30","guid":{"rendered":"http:\/\/www.lalcecrosario.org.ar\/lalcec\/?page_id=89"},"modified":"2016-03-03T12:54:46","modified_gmt":"2016-03-03T12:54:46","slug":"impresos","status":"publish","type":"page","link":"https:\/\/www.lalcecrosario.org.ar\/lalcec\/impresos\/","title":{"rendered":"Impresos"},"content":{"rendered":"<table>\n<tbody>\n<tr>\n<td>\n\t\t<style type=\"text\/css\">\n\t\t\t#gallery-1 {\n\t\t\t\tmargin: auto;\n\t\t\t}\n\t\t\t#gallery-1 .gallery-item {\n\t\t\t\tfloat: left;\n\t\t\t\tmargin-top: 10px;\n\t\t\t\ttext-align: center;\n\t\t\t\twidth: 50%;\n\t\t\t}\n\t\t\t#gallery-1 img {\n\t\t\t\tborder: 2px solid #cfcfcf;\n\t\t\t}\n\t\t\t#gallery-1 .gallery-caption {\n\t\t\t\tmargin-left: 0;\n\t\t\t}\n\t\t\t\/* see gallery_shortcode() in wp-includes\/media.php *\/\n\t\t<\/style>\n\t\t<div id='gallery-1' class='gallery galleryid-89 gallery-columns-2 gallery-size-thumbnail'><dl class='gallery-item'>\n\t\t\t<dt class='gallery-icon portrait'>\n\t\t\t\t<a href='https:\/\/www.lalcecrosario.org.ar\/lalcec\/wp-content\/uploads\/2015\/12\/CuelloUtero-ap.jpg'><img loading=\"lazy\" decoding=\"async\" width=\"150\" height=\"150\" src=\"https:\/\/www.lalcecrosario.org.ar\/lalcec\/wp-content\/uploads\/2015\/12\/CuelloUtero-ap-150x150.jpg\" class=\"attachment-thumbnail size-thumbnail\" alt=\"\" \/><\/a>\n\t\t\t<\/dt><\/dl><dl class='gallery-item'>\n\t\t\t<dt class='gallery-icon portrait'>\n\t\t\t\t<a href='https:\/\/www.lalcecrosario.org.ar\/lalcec\/wp-content\/uploads\/2015\/12\/CuelloUtero-bp.jpg'><img loading=\"lazy\" decoding=\"async\" width=\"150\" height=\"150\" src=\"https:\/\/www.lalcecrosario.org.ar\/lalcec\/wp-content\/uploads\/2015\/12\/CuelloUtero-bp-150x150.jpg\" class=\"attachment-thumbnail size-thumbnail\" alt=\"\" \/><\/a>\n\t\t\t<\/dt><\/dl><br style=\"clear: both\" \/>\n\t\t<\/div>\n<\/td>\n<td style=\"vertical-align: top;\">Detecci\u00f3n precoz del c\u00e1ncer de \u00fatero<br \/>\n10 x 20 cm.Descargue <a href=\"https:\/\/www.lalcecrosario.org.ar\/lalcec\/wp-content\/uploads\/2015\/12\/CuelloUtero.pdf\">archivo de impresi\u00f3n<\/a> &#8211; 3 Mb<\/td>\n<\/tr>\n<tr>\n<td>\n\t\t<style type=\"text\/css\">\n\t\t\t#gallery-2 {\n\t\t\t\tmargin: auto;\n\t\t\t}\n\t\t\t#gallery-2 .gallery-item {\n\t\t\t\tfloat: left;\n\t\t\t\tmargin-top: 10px;\n\t\t\t\ttext-align: center;\n\t\t\t\twidth: 50%;\n\t\t\t}\n\t\t\t#gallery-2 img {\n\t\t\t\tborder: 2px solid #cfcfcf;\n\t\t\t}\n\t\t\t#gallery-2 .gallery-caption {\n\t\t\t\tmargin-left: 0;\n\t\t\t}\n\t\t\t\/* see gallery_shortcode() in wp-includes\/media.php *\/\n\t\t<\/style>\n\t\t<div id='gallery-2' class='gallery galleryid-89 gallery-columns-2 gallery-size-thumbnail'><dl class='gallery-item'>\n\t\t\t<dt class='gallery-icon landscape'>\n\t\t\t\t<a href='https:\/\/www.lalcecrosario.org.ar\/lalcec\/wp-content\/uploads\/2015\/12\/vacio.jpg'><img loading=\"lazy\" decoding=\"async\" width=\"150\" height=\"150\" src=\"https:\/\/www.lalcecrosario.org.ar\/lalcec\/wp-content\/uploads\/2015\/12\/vacio.jpg\" class=\"attachment-thumbnail size-thumbnail\" alt=\"\" \/><\/a>\n\t\t\t<\/dt><\/dl><dl class='gallery-item'>\n\t\t\t<dt class='gallery-icon portrait'>\n\t\t\t\t<a href='https:\/\/www.lalcecrosario.org.ar\/lalcec\/wp-content\/uploads\/2015\/12\/CAROL-p.jpg'><img loading=\"lazy\" decoding=\"async\" width=\"150\" height=\"150\" src=\"https:\/\/www.lalcecrosario.org.ar\/lalcec\/wp-content\/uploads\/2015\/12\/CAROL-p-150x150.jpg\" class=\"attachment-thumbnail size-thumbnail\" alt=\"\" \/><\/a>\n\t\t\t<\/dt><\/dl><br style=\"clear: both\" \/>\n\t\t<\/div>\n<\/td>\n<td style=\"vertical-align: top;\">C.A.R.O.L.<br \/>\n10.5 x 19 cm.Descargue <a href=\"https:\/\/www.lalcecrosario.org.ar\/lalcec\/wp-content\/uploads\/2015\/12\/CAROL.pdf\" target=\"_blank\">archivo de impresi\u00f3n<\/a> &#8211; 1 Mb<\/td>\n<\/tr>\n<tr>\n<td>\n\t\t<style type=\"text\/css\">\n\t\t\t#gallery-3 {\n\t\t\t\tmargin: auto;\n\t\t\t}\n\t\t\t#gallery-3 .gallery-item {\n\t\t\t\tfloat: left;\n\t\t\t\tmargin-top: 10px;\n\t\t\t\ttext-align: center;\n\t\t\t\twidth: 50%;\n\t\t\t}\n\t\t\t#gallery-3 img {\n\t\t\t\tborder: 2px solid #cfcfcf;\n\t\t\t}\n\t\t\t#gallery-3 .gallery-caption {\n\t\t\t\tmargin-left: 0;\n\t\t\t}\n\t\t\t\/* see gallery_shortcode() in wp-includes\/media.php *\/\n\t\t<\/style>\n\t\t<div id='gallery-3' class='gallery galleryid-89 gallery-columns-2 gallery-size-thumbnail'><dl class='gallery-item'>\n\t\t\t<dt class='gallery-icon landscape'>\n\t\t\t\t<a href='https:\/\/www.lalcecrosario.org.ar\/lalcec\/wp-content\/uploads\/2015\/12\/Laringe-ap.jpg'><img loading=\"lazy\" decoding=\"async\" width=\"150\" height=\"150\" src=\"https:\/\/www.lalcecrosario.org.ar\/lalcec\/wp-content\/uploads\/2015\/12\/Laringe-ap-150x150.jpg\" class=\"attachment-thumbnail size-thumbnail\" alt=\"\" \/><\/a>\n\t\t\t<\/dt><\/dl><dl class='gallery-item'>\n\t\t\t<dt class='gallery-icon landscape'>\n\t\t\t\t<a href='https:\/\/www.lalcecrosario.org.ar\/lalcec\/wp-content\/uploads\/2015\/12\/Laringe-bp.jpg'><img loading=\"lazy\" decoding=\"async\" width=\"150\" height=\"150\" src=\"https:\/\/www.lalcecrosario.org.ar\/lalcec\/wp-content\/uploads\/2015\/12\/Laringe-bp-150x150.jpg\" class=\"attachment-thumbnail size-thumbnail\" alt=\"\" \/><\/a>\n\t\t\t<\/dt><\/dl><br style=\"clear: both\" \/>\n\t\t<\/div>\n<\/td>\n<td style=\"vertical-align: top;\">Campa\u00f1a de Promoci\u00f3n y Prevenci\u00f3n del C\u00e1ncer de Laringe<br \/>\n30 x 20 cm.Descargue <a href=\"https:\/\/www.lalcecrosario.org.ar\/lalcec\/wp-content\/uploads\/2015\/12\/Laringe.pdf\" target=\"_blank\">archivo de impresi\u00f3n<\/a> &#8211; 3 Mb<\/td>\n<\/tr>\n<tr>\n<td>\n\t\t<style type=\"text\/css\">\n\t\t\t#gallery-4 {\n\t\t\t\tmargin: auto;\n\t\t\t}\n\t\t\t#gallery-4 .gallery-item {\n\t\t\t\tfloat: left;\n\t\t\t\tmargin-top: 10px;\n\t\t\t\ttext-align: center;\n\t\t\t\twidth: 50%;\n\t\t\t}\n\t\t\t#gallery-4 img {\n\t\t\t\tborder: 2px solid #cfcfcf;\n\t\t\t}\n\t\t\t#gallery-4 .gallery-caption {\n\t\t\t\tmargin-left: 0;\n\t\t\t}\n\t\t\t\/* see gallery_shortcode() in wp-includes\/media.php *\/\n\t\t<\/style>\n\t\t<div id='gallery-4' class='gallery galleryid-89 gallery-columns-2 gallery-size-thumbnail'><dl class='gallery-item'>\n\t\t\t<dt class='gallery-icon portrait'>\n\t\t\t\t<a href='https:\/\/www.lalcecrosario.org.ar\/lalcec\/wp-content\/uploads\/2015\/12\/Mujer-ap.jpg'><img loading=\"lazy\" decoding=\"async\" width=\"150\" height=\"150\" src=\"https:\/\/www.lalcecrosario.org.ar\/lalcec\/wp-content\/uploads\/2015\/12\/Mujer-ap-150x150.jpg\" class=\"attachment-thumbnail size-thumbnail\" alt=\"\" \/><\/a>\n\t\t\t<\/dt><\/dl><dl class='gallery-item'>\n\t\t\t<dt class='gallery-icon portrait'>\n\t\t\t\t<a href='https:\/\/www.lalcecrosario.org.ar\/lalcec\/wp-content\/uploads\/2015\/12\/Mujer-bp.jpg'><img loading=\"lazy\" decoding=\"async\" width=\"150\" height=\"150\" src=\"https:\/\/www.lalcecrosario.org.ar\/lalcec\/wp-content\/uploads\/2015\/12\/Mujer-bp-150x150.jpg\" class=\"attachment-thumbnail size-thumbnail\" alt=\"\" \/><\/a>\n\t\t\t<\/dt><\/dl><br style=\"clear: both\" \/>\n\t\t<\/div>\n<\/td>\n<td style=\"vertical-align: top;\">Concientizaci\u00f3n sobre el c\u00e1ncer de mama.<br \/>\n20 x 21 cm.Descargue <a href=\"https:\/\/www.lalcecrosario.org.ar\/lalcec\/wp-content\/uploads\/2015\/12\/Mujer.pdf\" target=\"_blank\">archivo de impresi\u00f3n<\/a> &#8211; 6 Mb.<\/td>\n<\/tr>\n<tr>\n<td>\n\t\t<style type=\"text\/css\">\n\t\t\t#gallery-5 {\n\t\t\t\tmargin: auto;\n\t\t\t}\n\t\t\t#gallery-5 .gallery-item {\n\t\t\t\tfloat: left;\n\t\t\t\tmargin-top: 10px;\n\t\t\t\ttext-align: center;\n\t\t\t\twidth: 50%;\n\t\t\t}\n\t\t\t#gallery-5 img {\n\t\t\t\tborder: 2px solid #cfcfcf;\n\t\t\t}\n\t\t\t#gallery-5 .gallery-caption {\n\t\t\t\tmargin-left: 0;\n\t\t\t}\n\t\t\t\/* see gallery_shortcode() in wp-includes\/media.php *\/\n\t\t<\/style>\n\t\t<div id='gallery-5' class='gallery galleryid-89 gallery-columns-2 gallery-size-thumbnail'><dl class='gallery-item'>\n\t\t\t<dt class='gallery-icon landscape'>\n\t\t\t\t<a href='https:\/\/www.lalcecrosario.org.ar\/lalcec\/wp-content\/uploads\/2015\/12\/vacio.jpg'><img loading=\"lazy\" decoding=\"async\" width=\"150\" height=\"150\" src=\"https:\/\/www.lalcecrosario.org.ar\/lalcec\/wp-content\/uploads\/2015\/12\/vacio.jpg\" class=\"attachment-thumbnail size-thumbnail\" alt=\"\" \/><\/a>\n\t\t\t<\/dt><\/dl><dl class='gallery-item'>\n\t\t\t<dt class='gallery-icon portrait'>\n\t\t\t\t<a href='https:\/\/www.lalcecrosario.org.ar\/lalcec\/wp-content\/uploads\/2015\/12\/SiNoFumas-p.jpg'><img loading=\"lazy\" decoding=\"async\" width=\"150\" height=\"150\" src=\"https:\/\/www.lalcecrosario.org.ar\/lalcec\/wp-content\/uploads\/2015\/12\/SiNoFumas-p-150x150.jpg\" class=\"attachment-thumbnail size-thumbnail\" alt=\"\" \/><\/a>\n\t\t\t<\/dt><\/dl><br style=\"clear: both\" \/>\n\t\t<\/div>\n<\/td>\n<td style=\"vertical-align: top;\">Si no fumas.<br \/>\n11 x 22 cm.Descargue <a href=\"https:\/\/www.lalcecrosario.org.ar\/lalcec\/wp-content\/uploads\/2015\/12\/SiNoFumas.pdf\" target=\"_blank\">archivo de impresi\u00f3n<\/a> &#8211; 1 Mb<\/td>\n<\/tr>\n<tr>\n<td>\n\t\t<style type=\"text\/css\">\n\t\t\t#gallery-6 {\n\t\t\t\tmargin: auto;\n\t\t\t}\n\t\t\t#gallery-6 .gallery-item {\n\t\t\t\tfloat: left;\n\t\t\t\tmargin-top: 10px;\n\t\t\t\ttext-align: center;\n\t\t\t\twidth: 50%;\n\t\t\t}\n\t\t\t#gallery-6 img {\n\t\t\t\tborder: 2px solid #cfcfcf;\n\t\t\t}\n\t\t\t#gallery-6 .gallery-caption {\n\t\t\t\tmargin-left: 0;\n\t\t\t}\n\t\t\t\/* see gallery_shortcode() in wp-includes\/media.php *\/\n\t\t<\/style>\n\t\t<div id='gallery-6' class='gallery galleryid-89 gallery-columns-2 gallery-size-thumbnail'><dl class='gallery-item'>\n\t\t\t<dt class='gallery-icon landscape'>\n\t\t\t\t<a href='https:\/\/www.lalcecrosario.org.ar\/lalcec\/wp-content\/uploads\/2015\/12\/Sol-ap.jpg'><img loading=\"lazy\" decoding=\"async\" width=\"150\" height=\"150\" src=\"https:\/\/www.lalcecrosario.org.ar\/lalcec\/wp-content\/uploads\/2015\/12\/Sol-ap-150x150.jpg\" class=\"attachment-thumbnail size-thumbnail\" alt=\"\" \/><\/a>\n\t\t\t<\/dt><\/dl><dl class='gallery-item'>\n\t\t\t<dt class='gallery-icon landscape'>\n\t\t\t\t<a href='https:\/\/www.lalcecrosario.org.ar\/lalcec\/wp-content\/uploads\/2015\/12\/Sol-bp.jpg'><img loading=\"lazy\" decoding=\"async\" width=\"150\" height=\"150\" src=\"https:\/\/www.lalcecrosario.org.ar\/lalcec\/wp-content\/uploads\/2015\/12\/Sol-bp-150x150.jpg\" class=\"attachment-thumbnail size-thumbnail\" alt=\"\" \/><\/a>\n\t\t\t<\/dt><\/dl><br style=\"clear: both\" \/>\n\t\t<\/div>\n<\/td>\n<td style=\"vertical-align: top;\">Sol y c\u00e1ncer de piel.<br \/>\n30 x 21 cm.Descargue <a href=\"https:\/\/www.lalcecrosario.org.ar\/lalcec\/wp-content\/uploads\/2015\/12\/Sol.pdf\" target=\"_blank\">archivo de impresi\u00f3n<\/a> &#8211; 10 Mb.<\/td>\n<\/tr>\n<\/tbody>\n<\/table>\n<p>&nbsp;<\/p>\n","protected":false},"excerpt":{"rendered":"<p>Detecci\u00f3n precoz del c\u00e1ncer de \u00fatero 10 x 20 cm.Descargue archivo de impresi\u00f3n &#8211; 3 Mb C.A.R.O.L. 10.5 x 19 cm.Descargue archivo de impresi\u00f3n &#8211; 1 Mb Campa\u00f1a de Promoci\u00f3n y Prevenci\u00f3n del C\u00e1ncer de Laringe 30 x 20 cm.Descargue archivo de impresi\u00f3n &#8211; 3 Mb Concientizaci\u00f3n sobre el c\u00e1ncer&#8230;<\/p>\n<p> <a class=\"continue-reading-link\" href=\"https:\/\/www.lalcecrosario.org.ar\/lalcec\/impresos\/\"><span>Ampliar<\/span><i class=\"crycon-right-dir\"><\/i><\/a> <\/p>\n","protected":false},"author":1,"featured_media":0,"parent":0,"menu_order":0,"comment_status":"closed","ping_status":"closed","template":"","meta":{"footnotes":""},"class_list":["post-89","page","type-page","status-publish","hentry","wpautop"],"jetpack_sharing_enabled":true,"_links":{"self":[{"href":"https:\/\/www.lalcecrosario.org.ar\/lalcec\/wp-json\/wp\/v2\/pages\/89","targetHints":{"allow":["GET"]}}],"collection":[{"href":"https:\/\/www.lalcecrosario.org.ar\/lalcec\/wp-json\/wp\/v2\/pages"}],"about":[{"href":"https:\/\/www.lalcecrosario.org.ar\/lalcec\/wp-json\/wp\/v2\/types\/page"}],"author":[{"embeddable":true,"href":"https:\/\/www.lalcecrosario.org.ar\/lalcec\/wp-json\/wp\/v2\/users\/1"}],"replies":[{"embeddable":true,"href":"https:\/\/www.lalcecrosario.org.ar\/lalcec\/wp-json\/wp\/v2\/comments?post=89"}],"version-history":[{"count":22,"href":"https:\/\/www.lalcecrosario.org.ar\/lalcec\/wp-json\/wp\/v2\/pages\/89\/revisions"}],"predecessor-version":[{"id":265,"href":"https:\/\/www.lalcecrosario.org.ar\/lalcec\/wp-json\/wp\/v2\/pages\/89\/revisions\/265"}],"wp:attachment":[{"href":"https:\/\/www.lalcecrosario.org.ar\/lalcec\/wp-json\/wp\/v2\/media?parent=89"}],"curies":[{"name":"wp","href":"https:\/\/api.w.org\/{rel}","templated":true}]}}