{"id":71,"date":"2015-11-18T16:30:23","date_gmt":"2015-11-18T16:30:23","guid":{"rendered":"http:\/\/www.lalcecrosario.org.ar\/lalcec\/?page_id=71"},"modified":"2015-11-18T16:31:32","modified_gmt":"2015-11-18T16:31:32","slug":"x","status":"publish","type":"page","link":"https:\/\/www.lalcecrosario.org.ar\/lalcec\/x\/","title":{"rendered":"xNotes"},"content":{"rendered":"<p><strong>BARRA LATERAL DERECHA<\/strong><br \/>\nDonaciones<br \/>\nPr\u00f3xima campa\u00f1a<br \/>\nMapa ubicaci\u00f3n<br \/>\nLogos \u00abSponsores\u00bb<br \/>\nLogos otras instituciones<\/p>\n<p><strong>QUIENES SOMOS<\/strong><br \/>\nComisi\u00f3n directiva<br \/>\nN\u00f3mina de profesionales y colaboradores<br \/>\nEstad\u00edsticas (Prestaciones, equipamiento, educaci\u00f3n)<\/p>\n<p><strong>MATERIAL EDUCATIVO<\/strong><br \/>\nFolletos para descargar\u00a0 (PDF)<br \/>\nV\u00ednculos a otros sitios<\/p>\n<p><strong>OTROS<\/strong><br \/>\nInstituciones salud.<br \/>\nInstituciones que apoyan (medios, empresas, org.oficiales, ONG, etc)<br \/>\nSponsores<\/p>\n<p><strong>Donaciones<\/strong><br \/>\n<a href=\"https:\/\/www.donaronline.org\/\">www.donaronline.org\/<\/a><br \/>\n<a href=\"http:\/\/www.payu.com.ar\">www.payu.com.ar<\/a><br \/>\n<a href=\"https:\/\/www.paypal.com\/ar\/webapps\/mpp\/home\">www.paypal.com\/ar\/<\/a><\/p>\n","protected":false},"excerpt":{"rendered":"<p>BARRA LATERAL DERECHA Donaciones Pr\u00f3xima campa\u00f1a Mapa ubicaci\u00f3n Logos \u00abSponsores\u00bb Logos otras instituciones QUIENES SOMOS Comisi\u00f3n directiva N\u00f3mina de profesionales y colaboradores Estad\u00edsticas (Prestaciones, equipamiento, educaci\u00f3n) MATERIAL EDUCATIVO Folletos para descargar\u00a0 (PDF) V\u00ednculos a otros sitios OTROS Instituciones salud. Instituciones que apoyan (medios, empresas, org.oficiales, ONG, etc) Sponsores Donaciones www.donaronline.org\/&#8230;<\/p>\n<p> <a class=\"continue-reading-link\" href=\"https:\/\/www.lalcecrosario.org.ar\/lalcec\/x\/\"><span>Ampliar<\/span><i class=\"crycon-right-dir\"><\/i><\/a> <\/p>\n","protected":false},"author":1,"featured_media":0,"parent":0,"menu_order":0,"comment_status":"closed","ping_status":"closed","template":"","meta":{"footnotes":""},"class_list":["post-71","page","type-page","status-publish","hentry","wpautop"],"jetpack_sharing_enabled":true,"_links":{"self":[{"href":"https:\/\/www.lalcecrosario.org.ar\/lalcec\/wp-json\/wp\/v2\/pages\/71","targetHints":{"allow":["GET"]}}],"collection":[{"href":"https:\/\/www.lalcecrosario.org.ar\/lalcec\/wp-json\/wp\/v2\/pages"}],"about":[{"href":"https:\/\/www.lalcecrosario.org.ar\/lalcec\/wp-json\/wp\/v2\/types\/page"}],"author":[{"embeddable":true,"href":"https:\/\/www.lalcecrosario.org.ar\/lalcec\/wp-json\/wp\/v2\/users\/1"}],"replies":[{"embeddable":true,"href":"https:\/\/www.lalcecrosario.org.ar\/lalcec\/wp-json\/wp\/v2\/comments?post=71"}],"version-history":[{"count":3,"href":"https:\/\/www.lalcecrosario.org.ar\/lalcec\/wp-json\/wp\/v2\/pages\/71\/revisions"}],"predecessor-version":[{"id":75,"href":"https:\/\/www.lalcecrosario.org.ar\/lalcec\/wp-json\/wp\/v2\/pages\/71\/revisions\/75"}],"wp:attachment":[{"href":"https:\/\/www.lalcecrosario.org.ar\/lalcec\/wp-json\/wp\/v2\/media?parent=71"}],"curies":[{"name":"wp","href":"https:\/\/api.w.org\/{rel}","templated":true}]}}