{"id":7,"date":"2015-11-10T01:34:24","date_gmt":"2015-11-10T01:34:24","guid":{"rendered":"http:\/\/www.lalcecrosario.org.ar\/lalcec\/?page_id=7"},"modified":"2016-02-26T13:09:32","modified_gmt":"2016-02-26T13:09:32","slug":"objetivos","status":"publish","type":"page","link":"https:\/\/www.lalcecrosario.org.ar\/lalcec\/objetivos\/","title":{"rendered":"Objetivos"},"content":{"rendered":"<p>1 &#8211; Disminuir el n\u00famero de muertes por c\u00e1ncer a trav\u00e9s de la investigaci\u00f3n, prevenci\u00f3n, detecci\u00f3n temprana, educaci\u00f3n, informaci\u00f3n y difusi\u00f3n.<\/p>\n<p>2 &#8211; Acompa\u00f1ar, tratar y apoyar al enfermo oncol\u00f3gico sin recursos, contribuyendo a su rehabilitaci\u00f3n f\u00edsico-psiqu\u00edca y a su reinserci\u00f3n en la sociedad. Contamos para ello con la colaboraci\u00f3n y coordinaci\u00f3n constante de instituciones privadas y p\u00fablicas dedicadas igualmente al diagn\u00f3stico y tratamiento del c\u00e1ncer.<\/p>\n","protected":false},"excerpt":{"rendered":"<p>1 &#8211; Disminuir el n\u00famero de muertes por c\u00e1ncer a trav\u00e9s de la investigaci\u00f3n, prevenci\u00f3n, detecci\u00f3n temprana, educaci\u00f3n, informaci\u00f3n y difusi\u00f3n. 2 &#8211; Acompa\u00f1ar, tratar y apoyar al enfermo oncol\u00f3gico sin recursos, contribuyendo a su rehabilitaci\u00f3n f\u00edsico-psiqu\u00edca y a su reinserci\u00f3n en la sociedad. Contamos para ello con la colaboraci\u00f3n&#8230;<\/p>\n<p> <a class=\"continue-reading-link\" href=\"https:\/\/www.lalcecrosario.org.ar\/lalcec\/objetivos\/\"><span>Ampliar<\/span><i class=\"crycon-right-dir\"><\/i><\/a> <\/p>\n","protected":false},"author":1,"featured_media":0,"parent":0,"menu_order":0,"comment_status":"closed","ping_status":"closed","template":"","meta":{"footnotes":""},"class_list":["post-7","page","type-page","status-publish","hentry","wpautop"],"jetpack_sharing_enabled":true,"_links":{"self":[{"href":"https:\/\/www.lalcecrosario.org.ar\/lalcec\/wp-json\/wp\/v2\/pages\/7","targetHints":{"allow":["GET"]}}],"collection":[{"href":"https:\/\/www.lalcecrosario.org.ar\/lalcec\/wp-json\/wp\/v2\/pages"}],"about":[{"href":"https:\/\/www.lalcecrosario.org.ar\/lalcec\/wp-json\/wp\/v2\/types\/page"}],"author":[{"embeddable":true,"href":"https:\/\/www.lalcecrosario.org.ar\/lalcec\/wp-json\/wp\/v2\/users\/1"}],"replies":[{"embeddable":true,"href":"https:\/\/www.lalcecrosario.org.ar\/lalcec\/wp-json\/wp\/v2\/comments?post=7"}],"version-history":[{"count":3,"href":"https:\/\/www.lalcecrosario.org.ar\/lalcec\/wp-json\/wp\/v2\/pages\/7\/revisions"}],"predecessor-version":[{"id":253,"href":"https:\/\/www.lalcecrosario.org.ar\/lalcec\/wp-json\/wp\/v2\/pages\/7\/revisions\/253"}],"wp:attachment":[{"href":"https:\/\/www.lalcecrosario.org.ar\/lalcec\/wp-json\/wp\/v2\/media?parent=7"}],"curies":[{"name":"wp","href":"https:\/\/api.w.org\/{rel}","templated":true}]}}