{"id":61,"date":"2015-11-11T20:53:39","date_gmt":"2015-11-11T20:53:39","guid":{"rendered":"http:\/\/www.lalcecrosario.org.ar\/lalcec\/?page_id=61"},"modified":"2019-03-21T13:02:57","modified_gmt":"2019-03-21T13:02:57","slug":"campanas","status":"publish","type":"page","link":"https:\/\/www.lalcecrosario.org.ar\/lalcec\/campanas\/","title":{"rendered":"Campa\u00f1as"},"content":{"rendered":"<p><strong><span style=\"color: #333333;\">Marzo<br \/>\n<span style=\"color: #167ba5;\">CAMPA\u00d1A ALBA NORA C\u00c1NEPA<\/span><\/span><\/strong><br \/>\nEn el marco del d\u00eda de la mujer se realizan 200 papanicolaou y 200 senograf\u00edas en forma gratuita.<br \/>\nRequisitos:<br \/>\n\u2022 No tener cobertura social o no haberse realizado nunca o en el \u00faltimo a\u00f1o dichos estudios.<br \/>\n\u2022 Senograf\u00edas, a partir de los 35 a\u00f1os.<br \/>\n\u2022 Papanicolau, a partir de los 25 a\u00f1os.<\/p>\n<p><strong><span style=\"color: #333333;\">Abril<\/span><br \/>\n<span style=\"color: #167ba5;\"> CAMPA\u00d1A D\u00cdA MUNDIAL DE LA VOZ<\/span><br \/>\n<\/strong>Dirigida a toda persona que presente por m\u00e1s de 15 dias alguno de los siguientes s\u00edntomas<strong><br \/>\n<\/strong>\u2022 Ronquera.<br \/>\n\u2022 Disfon\u00eda, afon\u00eda o cambio de voz.<strong><br \/>\n<\/strong>\u2022 Dificultad para tragar o dolor al hacerlo.<br \/>\n\u2022 Dificultad para respirar.<br \/>\n\u2022 Una masa o bulto en el cuello.<\/p>\n<p><strong>Agosto<\/strong><br \/>\n<strong><span style=\"color: #167ba5;\"> ADHESI\u00d3N DE LALCEC ROSARIO A LA CAMPA\u00d1A DE ATENCI\u00d3N PRECOZ DE C\u00c1NCER BUCAL<\/span><\/strong><br \/>\nOrganizadora: C\u00e1tedra de estomatolog\u00eda de la Facultad de odontolog\u00eda de la U.N.R.<br \/>\nLugar: C\u00e1tedra de Estomatolog\u00eda &#8211; Facultad de Odontolog\u00eda, Santa Fe 3160\u00a0 Piso 7<\/p>\n<p><strong>Septiembre<\/strong><br \/>\n<strong><span style=\"color: #167ba5;\">PAPS GRATUITOS DURANTE LA PRIMERA SEMANA DEL MES<\/span><\/strong><br \/>\nDirigido a todas las mujeres a partir de la iniciaci\u00f3n sexual que no tengan cobertura social o no se hayan realizado nunca dicho estudio.<\/p>\n<p><strong>Octubre<br \/>\n<span style=\"color: #167ba5;\"> MES DE CONCIENTIZACI\u00d3N DE C\u00c1NCER DE MAMA.<\/span><\/strong><br \/>\nDurante todo el mes se entregan turnos para mamograf\u00edas gratuitas a pacientes de nuestro consultorio o con orden de hospital o centro de salud.<\/p>\n<p><strong>Noviembre<br \/>\n<span style=\"color: #167ba5;\"> CAMPA\u00d1A GRATUITA DE C\u00c1NCER DE PIEL<\/span><\/strong><\/p>\n<p>&nbsp;<\/p>\n","protected":false},"excerpt":{"rendered":"<p>Marzo CAMPA\u00d1A ALBA NORA C\u00c1NEPA En el marco del d\u00eda de la mujer se realizan 200 papanicolaou y 200 senograf\u00edas en forma gratuita. Requisitos: \u2022 No tener cobertura social o no haberse realizado nunca o en el \u00faltimo a\u00f1o dichos estudios. \u2022 Senograf\u00edas, a partir de los 35 a\u00f1os. \u2022&#8230;<\/p>\n<p> <a class=\"continue-reading-link\" href=\"https:\/\/www.lalcecrosario.org.ar\/lalcec\/campanas\/\"><span>Ampliar<\/span><i class=\"crycon-right-dir\"><\/i><\/a> <\/p>\n","protected":false},"author":1,"featured_media":0,"parent":0,"menu_order":0,"comment_status":"closed","ping_status":"closed","template":"","meta":{"footnotes":""},"class_list":["post-61","page","type-page","status-publish","hentry","wpautop"],"jetpack_sharing_enabled":true,"_links":{"self":[{"href":"https:\/\/www.lalcecrosario.org.ar\/lalcec\/wp-json\/wp\/v2\/pages\/61","targetHints":{"allow":["GET"]}}],"collection":[{"href":"https:\/\/www.lalcecrosario.org.ar\/lalcec\/wp-json\/wp\/v2\/pages"}],"about":[{"href":"https:\/\/www.lalcecrosario.org.ar\/lalcec\/wp-json\/wp\/v2\/types\/page"}],"author":[{"embeddable":true,"href":"https:\/\/www.lalcecrosario.org.ar\/lalcec\/wp-json\/wp\/v2\/users\/1"}],"replies":[{"embeddable":true,"href":"https:\/\/www.lalcecrosario.org.ar\/lalcec\/wp-json\/wp\/v2\/comments?post=61"}],"version-history":[{"count":8,"href":"https:\/\/www.lalcecrosario.org.ar\/lalcec\/wp-json\/wp\/v2\/pages\/61\/revisions"}],"predecessor-version":[{"id":316,"href":"https:\/\/www.lalcecrosario.org.ar\/lalcec\/wp-json\/wp\/v2\/pages\/61\/revisions\/316"}],"wp:attachment":[{"href":"https:\/\/www.lalcecrosario.org.ar\/lalcec\/wp-json\/wp\/v2\/media?parent=61"}],"curies":[{"name":"wp","href":"https:\/\/api.w.org\/{rel}","templated":true}]}}