{"id":5,"date":"2015-11-10T01:30:21","date_gmt":"2015-11-10T01:30:21","guid":{"rendered":"http:\/\/www.lalcecrosario.org.ar\/lalcec\/?page_id=5"},"modified":"2025-02-01T11:15:37","modified_gmt":"2025-02-01T14:15:37","slug":"quienes-somos","status":"publish","type":"page","link":"https:\/\/www.lalcecrosario.org.ar\/lalcec\/quienes-somos\/","title":{"rendered":"Qui\u00e9nes Somos"},"content":{"rendered":"<p>LALCEC Rosario es una instituci\u00f3n de la sociedad civil sin fines de lucro creada el 1 de agosto de 1959 por el Dr. Pedro Jos\u00e9 Figueroa Casas y un grupo de comprometidas mujeres que sintieron la necesidad de colaborar en la prevenci\u00f3n y detecci\u00f3n temprana del c\u00e1ncer, siendo su primera presidenta la se\u00f1ora Ema Queirolo de Tricerri. Desde entonces trabajamos sin interrupci\u00f3n y hemos logrado acrecentar los servicios que prestamos a la comunidad.<\/p>\n<p>Nuestros recursos humanos provienen de la suma de voluntades de personas que integran la Comisi\u00f3n Directiva, colaboradores y un cuerpo de m\u00e9dicos, psic\u00f3logos, fonoaudi\u00f3logos, asesores legales y contables que encabezan los distintos servicios, quienes trabajan en forma totalmente ad honorem. Tambi\u00e9n contamos con profesionales contratados que var\u00edan en su n\u00famero de acuerdo a la necesidad de cada \u00e1rea.<\/p>\n<p>Nuestros recursos materiales provienen de donaciones individuales y empresariales, cuotas societarias y fondos que se obtienen de diferentes actividades que realizamos anualmente.<\/p>\n","protected":false},"excerpt":{"rendered":"<p>LALCEC Rosario es una instituci\u00f3n de la sociedad civil sin fines de lucro creada el 1 de agosto de 1959 por el Dr. Pedro Jos\u00e9 Figueroa Casas y un grupo de comprometidas mujeres que sintieron la necesidad de colaborar en la prevenci\u00f3n y detecci\u00f3n temprana del c\u00e1ncer, siendo su primera&#8230;<\/p>\n<p> <a class=\"continue-reading-link\" href=\"https:\/\/www.lalcecrosario.org.ar\/lalcec\/quienes-somos\/\"><span>Ampliar<\/span><i class=\"crycon-right-dir\"><\/i><\/a> <\/p>\n","protected":false},"author":1,"featured_media":0,"parent":0,"menu_order":0,"comment_status":"closed","ping_status":"closed","template":"","meta":{"footnotes":""},"class_list":["post-5","page","type-page","status-publish","hentry","wpautop"],"jetpack_sharing_enabled":true,"_links":{"self":[{"href":"https:\/\/www.lalcecrosario.org.ar\/lalcec\/wp-json\/wp\/v2\/pages\/5","targetHints":{"allow":["GET"]}}],"collection":[{"href":"https:\/\/www.lalcecrosario.org.ar\/lalcec\/wp-json\/wp\/v2\/pages"}],"about":[{"href":"https:\/\/www.lalcecrosario.org.ar\/lalcec\/wp-json\/wp\/v2\/types\/page"}],"author":[{"embeddable":true,"href":"https:\/\/www.lalcecrosario.org.ar\/lalcec\/wp-json\/wp\/v2\/users\/1"}],"replies":[{"embeddable":true,"href":"https:\/\/www.lalcecrosario.org.ar\/lalcec\/wp-json\/wp\/v2\/comments?post=5"}],"version-history":[{"count":6,"href":"https:\/\/www.lalcecrosario.org.ar\/lalcec\/wp-json\/wp\/v2\/pages\/5\/revisions"}],"predecessor-version":[{"id":613,"href":"https:\/\/www.lalcecrosario.org.ar\/lalcec\/wp-json\/wp\/v2\/pages\/5\/revisions\/613"}],"wp:attachment":[{"href":"https:\/\/www.lalcecrosario.org.ar\/lalcec\/wp-json\/wp\/v2\/media?parent=5"}],"curies":[{"name":"wp","href":"https:\/\/api.w.org\/{rel}","templated":true}]}}