{"id":488,"date":"2021-11-16T19:46:02","date_gmt":"2021-11-16T19:46:02","guid":{"rendered":"http:\/\/www.lalcecrosario.org.ar\/?page_id=488"},"modified":"2021-11-16T19:50:20","modified_gmt":"2021-11-16T19:50:20","slug":"nuestra-historia","status":"publish","type":"page","link":"https:\/\/www.lalcecrosario.org.ar\/lalcec\/nuestra-historia\/","title":{"rendered":"LIGA ARGENTINA DE LUCHA CONTRA  EL CANCER-ROSARIO"},"content":{"rendered":"\n<p><strong><u>60 A\u00d1OS DE ACTIVIDAD<\/u><\/strong><\/p>\n\n\n\n<p>&nbsp;&nbsp;&nbsp;&nbsp;&nbsp;&nbsp;&nbsp;&nbsp;&nbsp;&nbsp;&nbsp;&nbsp;&nbsp;&nbsp;&nbsp;&nbsp;&nbsp;&nbsp;&nbsp;&nbsp;&nbsp;&nbsp;&nbsp;&nbsp;&nbsp;&nbsp;&nbsp;&nbsp;&nbsp;&nbsp;&nbsp;&nbsp;&nbsp;&nbsp;&nbsp;&nbsp;&nbsp;&nbsp;&nbsp;&nbsp;&nbsp;&nbsp;&nbsp;&nbsp;&nbsp;&nbsp;&nbsp;&nbsp;&nbsp;&nbsp; &nbsp;&nbsp;&nbsp;&nbsp;&nbsp;&nbsp;&nbsp;&nbsp;&nbsp;&nbsp;&nbsp;&nbsp;&nbsp;&nbsp;&nbsp;&nbsp;&nbsp;&nbsp;&nbsp;&nbsp;&nbsp;&nbsp;&nbsp;&nbsp;&nbsp;&nbsp;&nbsp;&nbsp;&nbsp;Laura Perticarari de Bollero \u2013 Presidente&nbsp; 2008\/2014<\/p>\n\n\n\n<p>La Liga Argentina &nbsp;de Lucha contra el C\u00e1ncer- Rosario<a href=\"#_ftn1\">[1]<\/a>,&nbsp; hoy Centro M\u00e9dico &nbsp;&nbsp;LALCEC- ROSARIO&nbsp;&nbsp;&nbsp;&nbsp;&nbsp;&nbsp; \u201cDr. Pedro Figueroa Casas\u201d, es una organizaci\u00f3n de la&nbsp; sociedad civil sin fines de lucro, que atravesando diferentes y a veces dif\u00edciles momentos, tanto pol\u00edticos, como econ\u00f3micos o sociales ha realizado en el correr de estos 60 a\u00f1os <em>\u201cuna de las tareas m\u00e1s nobles que pueda llevar a cabo un grupo de personas: luchar para preservar la salud de los seres humanos en el \u00e1rea de una enfermedad frecuente, muy temida<\/em> y <em>a veces devastadora pero que, tomada a tiempo, es cada vez m\u00e1s curable\u201d.<a href=\"#_ftn2\"><strong>[2]<\/strong><\/a><\/em> He tomado como base de este informe el libro que public\u00f3 la Sra. Alba Nora Canepa de Zampettini \u2013 que fuera Presidente en el per\u00edodo 1993-1999 &#8211; &nbsp;en ocasi\u00f3n de los 45 a\u00f1os de la Instituci\u00f3ny tambi\u00e9n he consultado las&nbsp; memorias &nbsp;anuales &nbsp;y el archivo de fotos.<\/p>\n\n\n\n<p>\u00a0El d\u00eda primero de agosto de 1959 se reunieron en la sede del C\u00edrculo M\u00e9dico de Rosario un grupo numeroso de personas presidiendo la reuni\u00f3n el Dr. Pedro Figueroa Casas y con la presencia de la Presidente de LALCEC-Buenos Aires Sra. Amelia Baldrich de Sustaita Seeber, \u00a0con el fin de crear un ente que en colaboraci\u00f3n con la iniciativa privada y las instituciones gubernamentales, tenga como objetivo luchar contra el c\u00e1ncer, apoyar \u00a0la investigaci\u00f3n cient\u00edfica y ayudar a las instituciones privadas o estatales dedicadas al diagn\u00f3stico o tratamiento de enfermos afectados del citado mal. Qued\u00f3 as\u00ed constituido Lalcec- Rosario con su nombre\u00a0 definitivo. Se conforma\u00a0 la primera Comisi\u00f3n Directiva integrada por: Presidente: Emma Queirolo de Tricerri, Vicepresidente1\u00ba: Ida Dix de F\u00e9rnandez D\u00edaz. Vicepresidente 2\u00ba: Esilda Marull de Minetti. Secretaria: Mar\u00eda Elena Gonz\u00e1lez Berlingieri de Ferguson. Secretaria de Actas: Giselle Gonz\u00e1lez Labonne de Tacconi. Tesorera: Clelia Pinasco de Mart\u00ednez D\u00edaz. Protesorera: Ana Mar\u00eda Tejerina de Giraldi. Vocales titulares: Martha Garc\u00eda Fuentes de Carrillo, Clotilde Puchul\u00fa de Ortiz, Virginia Tietjen de Sugasti, Ernestina Arij\u00f3n de Dianda, Dorina Deambroggi de Woelflin. Vocales Suplentes: Alba Bruera de Canepa, Victoria Torres Calder\u00f3n de Mart\u00ednez de San Vicente, Elena Mackey de Mayoraz, \u00c1ngela Borras de Delgado, Mar\u00eda Adelaida Fornasio de Boglione. Asesor M\u00e9dico: Dr. Juan Picena. Revisores de Cuentas: Alvan P. Ferguson y Enrique Woelflin. Los primeros tiempos fueron dif\u00edciles, no hab\u00eda dinero ni sede, de modo que el principal objetivo fue conseguir dinero. <em>\u201cLa lucha para obtener fondos es una de las m\u00e1s dif\u00edciles, todos sabemos que sin recursos econ\u00f3micos no hay obras.\u201d <\/em><a href=\"#_ftn3\">[3]<\/a> \u00a0Se realizaron fiestas, desfiles de moda, colectas en la v\u00eda p\u00fablica, donaciones particulares y todo aquello que sirviera para recaudar fondos. Destacamos que siempre se cont\u00f3 con numerosos\u00a0 benefactores, empresas, compa\u00f1\u00edas, bancos, personas particulares, socios \u00a0y\u00a0 voluntarios que donan su tiempo para \u00a0que la instituci\u00f3n pueda cumplir con sus objetivos y sea lo que es \u00a0hoy,\u00a0 un ente independiente, legal, responsable, \u00a0y transparente.\u00a0 La primera acci\u00f3n social que se inici\u00f3 fue la tendiente a conseguir que el enfermo llegue a tiempo al m\u00e9dico para lo cual se realizaron \u00a0campa\u00f1as de concientizaci\u00f3n y prevenci\u00f3n. Se comenz\u00f3 a \u00a0redactar el Cuaderno Diario y el Libro de Actas, redactado a mano por la Sra. Giselle Gonz\u00e1lez Labonne de Tacconi\u00a0 durante m\u00e1s de 50 a\u00f1os. Entre las primeras acciones para luchar contra el c\u00e1ncer destacamos la compra en 1961 del primer microscopio para el Laboratorio de Anatom\u00eda Patol\u00f3gica del Hospital del Centenario, despu\u00e9s se ampli\u00f3 a dos microscopios m\u00e1s, un colposcopio y \u00a0comenz\u00f3 a funcionar una bomba de cobalto en el citado \u00a0hospital que la Instituci\u00f3n ayudaba a mantener. En 1970 comenzaron las campa\u00f1as anuales e ininterrumpidas contra el tabaco a trav\u00e9s de charlas y talleres con el resultado conocido despu\u00e9s de muchos a\u00f1os<a href=\"#_ftn4\">[4]<\/a>. Se adquiri\u00f3 en 1965 la primera sede\u00a0 situada en la calle C\u00f3rdoba 1365 de esta ciudad.\u00a0 A\u00f1os m\u00e1s tarde, en 1980,\u00a0 gracias a una donaci\u00f3n se compr\u00f3\u00a0 la propiedad actual ubicada en Sarmiento 958 1\u00ba piso, en Rosario, manteniendo la primera propiedad. La instituci\u00f3n ha crecido mucho desde esos primeros a\u00f1os. En la sede se encuentran los Consultorios de detecci\u00f3n precoz de: C\u00e1ncer Ginecol\u00f3gico, Colposcop\u00edas, Consultorio de \u00a0Patolog\u00eda Mamaria, de C\u00e1ncer Colo-recto-anal, de \u00a0Pr\u00f3stata, de Piel, Departamento de Psicooncolog\u00eda, el Centro de Rehabilitaci\u00f3n de Operadas de Mama (CROM) y\u00a0 Linfedema, el Centro de Apoyo y Rehabilitaci\u00f3n de Operados de Laringe (CAROL), Servicio Social. Junto \u00a0con la C\u00e1tedra de Estomatolog\u00eda de la Facultad de Odontolog\u00eda de la UNR, \u00a0patrocina la Detecci\u00f3n Precoz de C\u00e1ncer de Boca.<\/p>\n\n\n\n<p>Se hicieron \u00a0en todos estos a\u00f1os m\u00e1s de 732 \u00a0campa\u00f1as p\u00fablicas, anuales, puntuales y gratuitas de detecci\u00f3n temprana de C\u00e1ncer de Mama, de C\u00e1ncer de \u00datero, con la toma de papanicolaus, en el D\u00eda Mundial de la Voz, de Piel, de Boca, incluyendo una de Colon y otra de Pulm\u00f3n. \u00a0M\u00e1s de 315.000 personas<a href=\"#_ftn5\">[5]<\/a>\u00a0 se han beneficiado con consultas, estudios de mamograf\u00edas, de patolog\u00eda mamaria, \u00a0papanicolaus \u00a0y \u00a0videocolposcop\u00edas con nuestro nuevo videocolposcopio; con la colaboraci\u00f3n de instituciones privadas se\u00a0 realizan, conizaciones, punciones y punciones mamarias estereot\u00e1xicas, \u00a0biopsias, \u00a0ecograf\u00edas y eco Doppler, etc. \u00daltimamente se realiz\u00f3, \u00a0por primera vez en Rosario, la Campa\u00f1a de Detecci\u00f3n de C\u00e1ncer de Colon con la exhibici\u00f3n de un colon gigante y la primera Campa\u00f1a de Detecci\u00f3n de C\u00e1ncer de Pulm\u00f3n. A trav\u00e9s del Departamento de Servicio Social se\u00a0 entregan subsidios para estudios especiales, \u00a0pr\u00f3tesis y\u00a0 pelucas. En rehabilitaci\u00f3n el\u00a0 Departamento de Psico-oncolog\u00eda brinda apoyo a pacientes y familiares en las distintas problem\u00e1ticas, realizando entrevistas personales\u00a0 y grupales, talleres de musicoterapia, manualidades, expresi\u00f3n corporal, charlas sobre nutrici\u00f3n y reuniones para festejar momentos especiales; CAROL posibilita a pacientes de esa patolog\u00eda, que\u00a0 vuelvan a hablar; \u00a0CROM y Linfedema ofrece servicios con bombas de presoterapia, vendas, masajes manuales y gimnasia con aparatos para la reducci\u00f3n de linfedema en brazos o piernas. El Departamento de Educaci\u00f3n para la Salud, programa encuentros y \u00a0charlas informativas sobre la prevenci\u00f3n en diferentes\u00a0 tipos de c\u00e1ncer dadas por profesionales de las respectivas especialidades, en escuelas, asociaciones, empresas,\u00a0 f\u00e1bricas, talleres y toda otra instituci\u00f3n que lo solicite, organizando o participando adem\u00e1s en actividades multisectoriales: encuentros, congresos, jornadas y charlas. \u00a0Se han hecho \u00a0veinte \u00a0talleres de \u201cLuzca Bien Si\u00e9ntase Mejor\u201d, \u00a0auspiciados por el Programa de Responsabilidad Social de la C\u00e1mara Argentina de la Industria \u00a0Cosm\u00e9tica y Perfumer\u00eda dirigido a mujeres con c\u00e1ncer y en tratamiento de quimioterapia, ense\u00f1ando a las concurrentes a maquillarse, ponerse pa\u00f1uelos, pelucas y lucir bien,\u00a0 para\u00a0 fortalecer la autoestima, y mejorar su imagen para poder \u00a0sobrellevar mejor el tratamiento.\u00a0 Siempre se\u00a0 cont\u00f3 con la valiosa\u00a0 colaboraci\u00f3n de todos los medios de prensa y comunicaci\u00f3n: escritos, \u00a0orales y televisivos para la difusi\u00f3n de nuestras novedades y campa\u00f1as, agreg\u00e1ndose actualmente las redes sociales, un medio moderno, \u00a0masivo y eficaz de comunicaci\u00f3n. No se puede \u00a0dejar de mencionar a los j\u00f3venes voluntarios que se han ido renovando desde hace \u00a0treinta a\u00f1os\u00a0\u00a0 acomodando en \u00a0diversos \u00a0teatros, estadios, salones, etc. con responsabilidad y profesionalismo, siendo un verdadero e importante \u00a0soporte para que la Instituci\u00f3n pueda cumplir con sus prop\u00f3sitos. Se organizaron torneos de Golf, \u00a0almuerzos, t\u00e9s, cenas, \u00a0reuniones de burako, funciones de teatro,\u00a0 donaciones \u00a0en memoria de fallecidos, etc.\u00a0 \u00a0con\u00a0 el\u00a0 \u00fanico fin de recaudar fondos para afrontar gastos.<\/p>\n\n\n\n<p>Se celebr\u00f3 en 2009 el Cincuentenario de la Instituci\u00f3n comenzando con el izamiento de la Bandera Nacional en el M\u00e1stil Mayor del Monumento con asistencia de Bandas de M\u00fasica y autoridades pol\u00edticas, Misa en la Catedral Metropolitana, acto acad\u00e9mico en el Circulo M\u00e9dico, desayuno en nuestra sede con el descubrimiento de placas, culminando con una cena y baile, con gran concurrencia. A partir de ese a\u00f1o se ha hecho costumbre izar la bandera &nbsp;para el aniversario. Este a\u00f1o, se celebr\u00f3 el 60 aniversario con un Acto Acad\u00e9mico, y posterior brindis en el C\u00edrculo M\u00e9dico, con asistencia de autoridades, profesionales, miembros de otras representaciones de LALCEC de la provincia de Santa Fe y la totalidad de las personas&nbsp;&nbsp; &nbsp;que conforman esta gran familia. La Instituci\u00f3n ha recibido varios premios por su trayectoria: \u201cLe\u00f3n de Oro\u201d otorgado por el Club de Leones Rosario Parque,&nbsp;&nbsp; \u201cOnda&nbsp; de Plata\u201d, &nbsp;\u201cPremio La Capital\u201d, entre otros, y numerosos reconocimientos: del Gobierno de la Provincia de Santa Fe, de la Municipalidad de Rosario, del Monumento Nacional a la Bandera, por nombrar algunos.<\/p>\n\n\n\n<p>Han pasado muchos a\u00f1os,\u00a0 se han atravesado situaciones buenas y dif\u00edciles propias del devenir de los tiempos.\u00a0 Durante la gesti\u00f3n de \u00a0la Sra. Alba Nora Canepa, \u00a0la \u00a0Instituci\u00f3n comenz\u00f3 a adecuarse \u00a0\u00a0a los nuevos tiempos contando \u00a0actualmente \u00a0con \u00a0un ambiente moderno, \u00a0equipada con la \u00faltima\u00a0 tecnolog\u00eda y aparatolog\u00eda digital para brindar a la sociedad\u00a0 un funcionamiento eficaz, tanto en lo administrativo como \u00a0en \u00a0la atenci\u00f3n en los diversos consultorios con todo el equipamiento moderno \u00a0\u00a0necesario, contando tambi\u00e9n con el retiro de material patog\u00e9nico. \u00a0Algunos aparatos fueron\u00a0 dados \u00a0en comodato: \u00a0nuestro nuevo mam\u00f3grafo y el digitalizador- el primero en Rosario a nivel p\u00fablico- fue entregado\u00a0 al Hospital Provincial, \u00a0la digitalizaci\u00f3n del mam\u00f3grafo del Hospital del Centenario, un microscopio digital para el Laboratorio de Anatom\u00eda Patol\u00f3gica de la Facultad de Medicina de la UNR para los estudios\u00a0 de \u00a0papanicolaous y lo m\u00e1s importante: un equipo de personal administrativo,\u00a0 voluntarios, \u00a0profesionales de la salud, \u00a0\u00a0estudios jur\u00eddicos y contables\u00a0 comprometidos con los objetivos de la Instituci\u00f3n<em>&#8230; \u201ctodos trabajamos para el mismo fin: lograr una ciudad mejor y disminuir<\/em> <em>el sufrimiento.<\/em> <em>Nos hemos sucedido y nos hemos acompa\u00f1ado, nos suceder\u00e1n y se acompa\u00f1aran. Ojal\u00e1 sea as\u00ed hasta la cura total\u201c.<a href=\"#_ftn6\"><strong>[6]<\/strong><\/a>\u00a0\u00a0 \u201cCuando conocemos profundamente la obra de Lalcec- Rosario no podemos ser indiferentes ni \u00a0abandonarlo jam\u00e1s\u201d <a href=\"#_ftn7\"><strong>[7]<\/strong><\/a> \u00a0\u00a0<\/em>Un orgullo pertenecer a esta Instituci\u00f3n.<\/p>\n\n\n\n<p class=\"has-text-align-right\">&nbsp;&nbsp;&nbsp;&nbsp;&nbsp;&nbsp;&nbsp;&nbsp;&nbsp;&nbsp;&nbsp;&nbsp;&nbsp;&nbsp;&nbsp;&nbsp;&nbsp;&nbsp;&nbsp;&nbsp;&nbsp;&nbsp;&nbsp;&nbsp;&nbsp;&nbsp;&nbsp;&nbsp;&nbsp;&nbsp;&nbsp;&nbsp;&nbsp;&nbsp;&nbsp;&nbsp;&nbsp;&nbsp;&nbsp;&nbsp;&nbsp;&nbsp;&nbsp;&nbsp;&nbsp; &nbsp;&nbsp;&nbsp;&nbsp;&nbsp;&nbsp;&nbsp;&nbsp;&nbsp;&nbsp;&nbsp;&nbsp;&nbsp;&nbsp;&nbsp;&nbsp;&nbsp;&nbsp;&nbsp;&nbsp;&nbsp;&nbsp;&nbsp;&nbsp;&nbsp;&nbsp;&nbsp;&nbsp;&nbsp;&nbsp;&nbsp;&nbsp;&nbsp;&nbsp;&nbsp;&nbsp;&nbsp;&nbsp;&nbsp;&nbsp;&nbsp;&nbsp;&nbsp;&nbsp;&nbsp;&nbsp;&nbsp;&nbsp;&nbsp;&nbsp;&nbsp;&nbsp;&nbsp;&nbsp;&nbsp;&nbsp;&nbsp;&nbsp;&nbsp;&nbsp;&nbsp;&nbsp;&nbsp;&nbsp;&nbsp;&nbsp;&nbsp;&nbsp;&nbsp;&nbsp;&nbsp;&nbsp;Rosario, noviembre 2019<\/p>\n\n\n\n<p>Agradezco especialmente a la Sra. Cristina Larguia por los datos brindados.&nbsp;<\/p>\n\n\n\n<p>LALCEC-ROSARIO<\/p>\n\n\n\n<p>Director M\u00e9dico: Dr. Alejandro Colombo Berra<\/p>\n\n\n\n<p>Comisi\u00f3n Directiva. 2018 &#8211; 2020<\/p>\n\n\n\n<p>Presidente: Mar\u00eda Isabel Araya de Amuch\u00e1stegui. Vicepresidente 1\u00ba: Laura Perticarari de Bollero. Vicepresidente 2\u00ba Irene Ortiz de Su\u00e1rez. Secretaria: Maite Dorrius de Ferrer.&nbsp; Prosecretaria: Rita Hertz de Gal\u00e1n. Tesorera: Liliana Drovetta de Espa\u00f1a. Protesorera: Esther Prunotto de Battaglia. Revisoras de Cuentas: Mar\u00eda del Luj\u00e1n Gravitto de Gradilone, Cecilia Zampettini. Vocales: Irma Carn\u00e9 de Lucero, Alicia Maiola de Maso, Nora Peters de Luis, Mar\u00eda Rosa Casiello de Raspall, \u00c1ngela Regueiro. Vocales suplentes: Laura Elena Vaqui\u00e9 de Yost, Antonia Alba, Virginia Ortiz de Amuch\u00e1stegui, Mar\u00eda Ang\u00e9lica Pineda de Abdelmalek, &nbsp;Graciela de la Rua.<\/p>\n\n\n\n<p>Secretarias administrativas: Cristina Larguia,&nbsp; Mari\u00e1n Seminara. &nbsp;&nbsp;&nbsp;&nbsp;<\/p>\n\n\n\n<p>Bibliograf\u00eda<\/p>\n\n\n\n<p>&#8211; Alba Nora Canepa.&nbsp; \u201cLalcec-Rosario, 45 a\u00f1os 1959\/2004\u201d. Ed. Amalevi&nbsp; 29\/11\/2005<\/p>\n\n\n\n<p>&#8211; Memorias anuales de la Instituci\u00f3n. 1959-2019<\/p>\n\n\n\n<hr class=\"wp-block-separator\"\/>\n\n\n\n<p><a href=\"#_ftnref1\">[1]<\/a> Personer\u00eda Jur\u00eddica&nbsp; N\u00ba &nbsp;5724-L-1961<\/p>\n\n\n\n<p><a href=\"#_ftnref2\">[2]<\/a> Palabras del Dr. Pedro R. Figueroa Casas. &nbsp;Alba N. Canepa, \u201cLalcec- Rosario 45 a\u00f1os &#8211; 1959-2004\u201d Pr\u00f3logo, P\u00e1g. 4. Ed. Amalevi. 11\/2005<\/p>\n\n\n\n<p><a href=\"#_ftnref3\">[3]<\/a> Palabras de la Sra. Angelita Borr\u00e1s de Delgado. Alba N. Canepa . P\u00e1g 37. Op. cit.<\/p>\n\n\n\n<p><a href=\"#_ftnref4\">[4]<\/a> Ley&nbsp; N\u00ba 12.432 Antitabaco santafesina, &nbsp;aprobada por la Legislatura de la Provincia de Santa Fe&nbsp; el 30\/7\/2005.<\/p>\n\n\n\n<p><a href=\"#_ftnref5\">[5]<\/a> Datos extra\u00eddos de las Memorias anuales de la Instituci\u00f3n.<\/p>\n\n\n\n<p><a href=\"#_ftnref6\">[6]<\/a> Palabras de la Sra. Alba Nora Canepa. &nbsp;P\u00e1g. 125.&nbsp; Op. cit.<\/p>\n\n\n\n<p><a href=\"#_ftnref7\">[7]<\/a> Palabras de la Sra. Angelita&nbsp; Borr\u00e1s de Delgado, P\u00e1g.37. Op. cit.<\/p>\n","protected":false},"excerpt":{"rendered":"<p>60 A\u00d1OS DE ACTIVIDAD &nbsp;&nbsp;&nbsp;&nbsp;&nbsp;&nbsp;&nbsp;&nbsp;&nbsp;&nbsp;&nbsp;&nbsp;&nbsp;&nbsp;&nbsp;&nbsp;&nbsp;&nbsp;&nbsp;&nbsp;&nbsp;&nbsp;&nbsp;&nbsp;&nbsp;&nbsp;&nbsp;&nbsp;&nbsp;&nbsp;&nbsp;&nbsp;&nbsp;&nbsp;&nbsp;&nbsp;&nbsp;&nbsp;&nbsp;&nbsp;&nbsp;&nbsp;&nbsp;&nbsp;&nbsp;&nbsp;&nbsp;&nbsp;&nbsp;&nbsp; &nbsp;&nbsp;&nbsp;&nbsp;&nbsp;&nbsp;&nbsp;&nbsp;&nbsp;&nbsp;&nbsp;&nbsp;&nbsp;&nbsp;&nbsp;&nbsp;&nbsp;&nbsp;&nbsp;&nbsp;&nbsp;&nbsp;&nbsp;&nbsp;&nbsp;&nbsp;&nbsp;&nbsp;&nbsp;Laura Perticarari de Bollero \u2013 Presidente&nbsp; 2008\/2014 La Liga Argentina &nbsp;de Lucha contra el C\u00e1ncer- Rosario[1],&nbsp; hoy Centro M\u00e9dico &nbsp;&nbsp;LALCEC- ROSARIO&nbsp;&nbsp;&nbsp;&nbsp;&nbsp;&nbsp; \u201cDr. Pedro Figueroa Casas\u201d, es una organizaci\u00f3n de la&nbsp; sociedad civil sin fines de lucro, que atravesando diferentes y a veces dif\u00edciles momentos, tanto&#8230;<\/p>\n<p> <a class=\"continue-reading-link\" href=\"https:\/\/www.lalcecrosario.org.ar\/lalcec\/nuestra-historia\/\"><span>Ampliar<\/span><i class=\"crycon-right-dir\"><\/i><\/a> <\/p>\n","protected":false},"author":1,"featured_media":0,"parent":0,"menu_order":0,"comment_status":"closed","ping_status":"closed","template":"","meta":{"footnotes":""},"class_list":["post-488","page","type-page","status-publish","hentry","wpautop"],"jetpack_sharing_enabled":true,"_links":{"self":[{"href":"https:\/\/www.lalcecrosario.org.ar\/lalcec\/wp-json\/wp\/v2\/pages\/488","targetHints":{"allow":["GET"]}}],"collection":[{"href":"https:\/\/www.lalcecrosario.org.ar\/lalcec\/wp-json\/wp\/v2\/pages"}],"about":[{"href":"https:\/\/www.lalcecrosario.org.ar\/lalcec\/wp-json\/wp\/v2\/types\/page"}],"author":[{"embeddable":true,"href":"https:\/\/www.lalcecrosario.org.ar\/lalcec\/wp-json\/wp\/v2\/users\/1"}],"replies":[{"embeddable":true,"href":"https:\/\/www.lalcecrosario.org.ar\/lalcec\/wp-json\/wp\/v2\/comments?post=488"}],"version-history":[{"count":2,"href":"https:\/\/www.lalcecrosario.org.ar\/lalcec\/wp-json\/wp\/v2\/pages\/488\/revisions"}],"predecessor-version":[{"id":493,"href":"https:\/\/www.lalcecrosario.org.ar\/lalcec\/wp-json\/wp\/v2\/pages\/488\/revisions\/493"}],"wp:attachment":[{"href":"https:\/\/www.lalcecrosario.org.ar\/lalcec\/wp-json\/wp\/v2\/media?parent=488"}],"curies":[{"name":"wp","href":"https:\/\/api.w.org\/{rel}","templated":true}]}}