{"id":47,"date":"2015-11-10T21:55:49","date_gmt":"2015-11-10T21:55:49","guid":{"rendered":"http:\/\/www.lalcecrosario.org.ar\/lalcec\/?page_id=47"},"modified":"2025-02-01T11:24:58","modified_gmt":"2025-02-01T14:24:58","slug":"contacto","status":"publish","type":"page","link":"https:\/\/www.lalcecrosario.org.ar\/lalcec\/contacto\/","title":{"rendered":"Contacto"},"content":{"rendered":"<table>\n<tbody>\n<tr>\n<td style=\"vertical-align: top;\">Direcci\u00f3n: Sarmiento 958, piso 1<br \/>\nS2000CMP &#8211; Rosario<\/p>\n<p>Tel\u00e9fono celular: +5493416950253<\/p>\n<p>Tel\u00e9fonos fijos: (0341) 448 3479 \/ 449 1818<\/p>\n<p><a title=\"mailto:lalcecrosario@lalcecrosario.org.ar\nCTRL + clic para seguir el v\u00ednculo\" href=\"mailto:lalcecrosario@lalcecrosario.org.ar\" target=\"_blank\" rel=\"noopener noreferrer\">lalcecrosario@lalcecrosario.<wbr \/>org.ar<\/a><\/td>\n<td><iframe loading=\"lazy\" style=\"border: 0;\" src=\"https:\/\/www.google.com\/maps\/embed?pb=!1m18!1m12!1m3!1d3348.0994711211174!2d-60.638812900000005!3d-32.9483831!2m3!1f0!2f0!3f0!3m2!1i1024!2i768!4f13.1!3m3!1m2!1s0x95b7ab1a1fcfa33b%3A0xd69362441f8c8787!2sSarmiento+958%2C+S2000CMP+Rosario%2C+Santa+Fe!5e0!3m2!1ses!2sar!4v1451415267265\" width=\"400\" height=\"300\" frameborder=\"0\" allowfullscreen=\"allowfullscreen\"><\/iframe><\/td>\n<\/tr>\n<\/tbody>\n<\/table>\n","protected":false},"excerpt":{"rendered":"<p>Direcci\u00f3n: Sarmiento 958, piso 1 S2000CMP &#8211; Rosario Tel\u00e9fono celular: +5493416950253 Tel\u00e9fonos fijos: (0341) 448 3479 \/ 449 1818 lalcecrosario@lalcecrosario.org.ar<\/p>\n<p> <a class=\"continue-reading-link\" href=\"https:\/\/www.lalcecrosario.org.ar\/lalcec\/contacto\/\"><span>Ampliar<\/span><i class=\"crycon-right-dir\"><\/i><\/a> <\/p>\n","protected":false},"author":1,"featured_media":0,"parent":0,"menu_order":0,"comment_status":"closed","ping_status":"closed","template":"","meta":{"footnotes":""},"class_list":["post-47","page","type-page","status-publish","hentry","wpautop"],"jetpack_sharing_enabled":true,"_links":{"self":[{"href":"https:\/\/www.lalcecrosario.org.ar\/lalcec\/wp-json\/wp\/v2\/pages\/47","targetHints":{"allow":["GET"]}}],"collection":[{"href":"https:\/\/www.lalcecrosario.org.ar\/lalcec\/wp-json\/wp\/v2\/pages"}],"about":[{"href":"https:\/\/www.lalcecrosario.org.ar\/lalcec\/wp-json\/wp\/v2\/types\/page"}],"author":[{"embeddable":true,"href":"https:\/\/www.lalcecrosario.org.ar\/lalcec\/wp-json\/wp\/v2\/users\/1"}],"replies":[{"embeddable":true,"href":"https:\/\/www.lalcecrosario.org.ar\/lalcec\/wp-json\/wp\/v2\/comments?post=47"}],"version-history":[{"count":6,"href":"https:\/\/www.lalcecrosario.org.ar\/lalcec\/wp-json\/wp\/v2\/pages\/47\/revisions"}],"predecessor-version":[{"id":618,"href":"https:\/\/www.lalcecrosario.org.ar\/lalcec\/wp-json\/wp\/v2\/pages\/47\/revisions\/618"}],"wp:attachment":[{"href":"https:\/\/www.lalcecrosario.org.ar\/lalcec\/wp-json\/wp\/v2\/media?parent=47"}],"curies":[{"name":"wp","href":"https:\/\/api.w.org\/{rel}","templated":true}]}}