{"id":41,"date":"2015-11-10T21:32:12","date_gmt":"2015-11-10T21:32:12","guid":{"rendered":"http:\/\/www.lalcecrosario.org.ar\/lalcec\/?page_id=41"},"modified":"2016-02-26T12:52:36","modified_gmt":"2016-02-26T12:52:36","slug":"cancer-de-colon","status":"publish","type":"page","link":"https:\/\/www.lalcecrosario.org.ar\/lalcec\/cancer-de-colon\/","title":{"rendered":"C\u00e1ncer de colon"},"content":{"rendered":"<p>El c\u00e1ncer de colon es el tumor maligno que se desarrolla en la \u00faltima parte del intestino grueso y se produce como consecuencia de una compleja interacci\u00f3n de factores hereditarios y ambientales y con mayor frecuencia en personas mayores de 50 a\u00f1os.<br \/>\nGeneralmente se produce en primer p\u00f3lipo (adenoma) que es un crecimiento anormal de las c\u00e9lulas de la pared del intestino grueso, el cual puede crecer durante a\u00f1os y transformarse en un c\u00e1ncer si no se detecta y extirpa a tiempo, pudiendo con el paso del tiempo invadir otros \u00f3rganos adyacentes o propagarse por v\u00eda sanguinea a otros \u00f3rganos distantes dando lugar a las llamadas met\u00e1stasis.<\/p>\n<p><strong>S\u00cdNTOMAS<\/strong><br \/>\n\u2022 Alteraci\u00f3n del ritmo evacuatorio.<br \/>\n\u2022 P\u00e9rdida de sangre, secreci\u00f3n o moco.<br \/>\n\u2022 Antecedentes familiares.<\/p>\n<p><strong>PREVENCI\u00d3N<\/strong><br \/>\nEl c\u00e1ncer de colon se puede detectar con un an\u00e1lisis de sangre oculta en materia fecal o mediante una colonoscop\u00eda que permite observar el colon completo a imagen real para descubrir la existencia de p\u00f3lipos y lesiones en el recto.<\/p>\n<p>Tambi\u00e9n se puede prevenir a partir de una nutrici\u00f3n equilibrada:<br \/>\n\u2022 Reducir la ingesta de grasa de origen animal.<br \/>\n\u2022 Disminuir el consumo de prote\u00ednas animales.<br \/>\n\u2022 Aumentar el aporte de fibras, frutas, cereales y verduras, especialmente repollitos de Bruselas, coliflor y remolacha.<\/p>\n<h3 style=\"text-align: center;\">Mayores de 40 a\u00f1os sin s\u00edntomas, como actitud preventiva consulte a su m\u00e9dico.<\/h3>\n<p>&nbsp;<\/p>\n","protected":false},"excerpt":{"rendered":"<p>El c\u00e1ncer de colon es el tumor maligno que se desarrolla en la \u00faltima parte del intestino grueso y se produce como consecuencia de una compleja interacci\u00f3n de factores hereditarios y ambientales y con mayor frecuencia en personas mayores de 50 a\u00f1os. Generalmente se produce en primer p\u00f3lipo (adenoma) que&#8230;<\/p>\n<p> <a class=\"continue-reading-link\" href=\"https:\/\/www.lalcecrosario.org.ar\/lalcec\/cancer-de-colon\/\"><span>Ampliar<\/span><i class=\"crycon-right-dir\"><\/i><\/a> <\/p>\n","protected":false},"author":1,"featured_media":0,"parent":0,"menu_order":0,"comment_status":"closed","ping_status":"closed","template":"","meta":{"footnotes":""},"class_list":["post-41","page","type-page","status-publish","hentry","wpautop"],"jetpack_sharing_enabled":true,"_links":{"self":[{"href":"https:\/\/www.lalcecrosario.org.ar\/lalcec\/wp-json\/wp\/v2\/pages\/41","targetHints":{"allow":["GET"]}}],"collection":[{"href":"https:\/\/www.lalcecrosario.org.ar\/lalcec\/wp-json\/wp\/v2\/pages"}],"about":[{"href":"https:\/\/www.lalcecrosario.org.ar\/lalcec\/wp-json\/wp\/v2\/types\/page"}],"author":[{"embeddable":true,"href":"https:\/\/www.lalcecrosario.org.ar\/lalcec\/wp-json\/wp\/v2\/users\/1"}],"replies":[{"embeddable":true,"href":"https:\/\/www.lalcecrosario.org.ar\/lalcec\/wp-json\/wp\/v2\/comments?post=41"}],"version-history":[{"count":3,"href":"https:\/\/www.lalcecrosario.org.ar\/lalcec\/wp-json\/wp\/v2\/pages\/41\/revisions"}],"predecessor-version":[{"id":555,"href":"https:\/\/www.lalcecrosario.org.ar\/lalcec\/wp-json\/wp\/v2\/pages\/41\/revisions\/555"}],"wp:attachment":[{"href":"https:\/\/www.lalcecrosario.org.ar\/lalcec\/wp-json\/wp\/v2\/media?parent=41"}],"curies":[{"name":"wp","href":"https:\/\/api.w.org\/{rel}","templated":true}]}}