{"id":352,"date":"2019-05-15T13:47:03","date_gmt":"2019-05-15T13:47:03","guid":{"rendered":"http:\/\/www.lalcecrosario.org.ar\/?page_id=352"},"modified":"2019-05-15T14:10:00","modified_gmt":"2019-05-15T14:10:00","slug":"estadisticas","status":"publish","type":"page","link":"https:\/\/www.lalcecrosario.org.ar\/lalcec\/estadisticas\/","title":{"rendered":"Estad\u00edsticas 2018"},"content":{"rendered":"\n<p><strong>SOCIOS<\/strong><br>Se cerr\u00f3 el a\u00f1o con una cantidad de 97 socios. <\/p>\n\n\n\n<p><strong>EX\u00c1MENES DE PAPANICOLAOU<\/strong><br>Durante el per\u00edodo 2018 LALCEC Rosario realiz\u00f3 un total de 414  Papanicolaous, incluidos los de la campa\u00f1a anual \u201cAlba Nora Canepa\u201d. <\/p>\n\n\n\n<p><strong>VIDEOCOLPOSCOPIAS<\/strong><br>Durante el a\u00f1o se realizaron 153 consultas, 112videocolposcop\u00edas, 13 Papanicolaous, 5 cepillados y 32 biopsias.Estos estudios arrojaron los siguientes resultados:<br>  L \u2013 SIL  8<br>  H-SIL  9<br>  P\u00f3lipos 1 <br><strong>Derivaciones<\/strong><br> Hospital Centenario  5<br> PAMI  1<br> Privado  4<\/p>\n\n\n\n<p><strong>ECOGRAF\u00cdAS <\/strong><br>Se realizaron 891 ecograf\u00edas de diferentes tipos incluyendo: 582 de nuestros consultorios y 309 derivadas de otros efectores.  <br> \u2022    Ginecol\u00f3gicas:  237<br> \u2022    Transvaginales:     252<br> \u2022    Mamarias:       367<br> \u2022    De abdomen y pelvis:   8<br> \u2022    Renovesicales: 12<br> \u2022    Eco dopplers:  5<br> \u2022    De partes blandas:3<br> \u2022    De axila     1<br> \u2022    De tiroides:     6 <\/p>\n\n\n\n<p><strong>SENOGRAF\u00cdAS <\/strong><br>En nuestra sede se entregaron \u00f3rdenes para la realizaci\u00f3n de461  senograf\u00edas de pacientes de nuestros consultorios, y 813turnos para  pacientes externas, lo que hace un total de 1274senograf\u00edas. Estas  cifras incluyen los estudios realizados durante las campa\u00f1as descriptas  m\u00e1s abajo. <\/p>\n\n\n\n<p><strong>CAMPA\u00d1AS DE SENOGRAF\u00cdAS GRATUITAS<\/strong><\/p>\n\n\n\n<p><em>7\u00ba CAMPA\u00d1A ALBA NORA CANEPA<\/em>: en adhesi\u00f3n al D\u00eda de la Mujer se dieron 187turnos para mamograf\u00edas a mujeres sin cobertura m\u00e9dica, de las cuales 30 no se realizaron del estudio. <br>Resultados:  <br>\u2022    36  Birad 0<br> \u2022    23  Birad 1<br> \u2022    98  Birad 2  <\/p>\n\n\n\n<p><em>STAND EN C\u00d3RDOBA Y CORRIENTES EL 19 DE OCTUBRE DE 2018 <\/em><br>  Turnos dados: 119<br>  Concurrieron: 107<br>Del total de senograf\u00edas realizadas el Dr. Capitaine Funes solicit\u00f3 44  ecograf\u00edas mamarias para complementar el diagn\u00f3stico y 2 senograf\u00edas  ampliadas y focalizadas.    <br> Resultados:<br> Birad 0:    28<br> Birad 1:    18<br> Birad 2:     60<br> Birad 3:     1 <\/p>\n\n\n\n<p><em>28 DE OCTUBRE &#8211;  PRIMERA \u201cCAMINATA ROSA\u201d<\/em><br>Organizada conjuntamente por LALCEC Rosario y el CEMA, numerosas mujeres caminaron con pancartas y globos rosas alusivos a la prevenci\u00f3n del c\u00e1ncer, se repartieron camisetas rosas, se dieron 100 turnos para senograf\u00edas gratuitas. En nuestra sede tambi\u00e9n ofrecimos turnos gratuitos durante todo el mes, en un total de 495.        <\/p>\n\n\n\n<p><strong>PATOLOG\u00cdA MAMARIA <\/strong><br>Durante todo el a\u00f1o se atendieron las consultas de  134 pacientes: <br> \u2022    derivadas de nuestros consultorios: 112<br> \u2022    externas:   19<br> \u2022    de campa\u00f1a: 3  <br>Se derivaron para otros estudios:<br> \u2022    Punci\u00f3n histol\u00f3gica: 1<br> \u2022    Punci\u00f3n bi\u00f3psica: 4 (2 con resultado negativo y 2 que, a pesar de nuestro seguimiento, no quisieron realizarla) <\/p>\n\n\n\n<p><strong>LINFEDEMA <\/strong><br>La Dra. Vanesa Su\u00e1rez  atendi\u00f3 25consultas durante el a\u00f1o 2018. <br>En el transcurso del a\u00f1o se realizaron 422 tratamientos en pacientes con linfedema, promediando 35 tratamientos mensuales. <br>Se les dio el alta m\u00e9dico-kin\u00e9sico a varias pacientes a lo largo del  a\u00f1o y a otras se les ha indicado una variaci\u00f3n en la periodicidad,  teniendo que hacer el tratamiento cada 15 d\u00edas por la mejor\u00eda observada. <\/p>\n\n\n\n<p><strong>CROM (Centro de Rehabilitaci\u00f3n para Operadas de Mama) <\/strong><br>Se atendieron un total de 6 a 8 pacientes una vez por semana. <\/p>\n\n\n\n<p><strong>CAROL (Centro de Apoyo y Rehabilitaci\u00f3n para Operados de Laringe)<\/strong><br>En relaci\u00f3n con la tarea de capacitaci\u00f3n se continu\u00f3 con las actividades  de pre-grado, a fin de que el estudiante complete su formaci\u00f3n te\u00f3rica y  pr\u00e1ctica en la rehabilitaci\u00f3n integral de este tipo de pacientes.<br>Se particip\u00f3 activamente de la Campa\u00f1a \u201c\u00bfVos que hac\u00e9s por tu voz?\u201d,  cuyo objetivo primordial es concientizar a la poblaci\u00f3n sobre la  importancia de la Salud de la Voz en el \u00e1mbito laboral y la vida de  relaci\u00f3n. Con tal finalidad la propuesta recibida por la Lic. Candela  Scartascini de Arr\u00fae Gowlandfue trasladada a la Comisi\u00f3n Directiva de  LALCEC Rosario y se decide la participaci\u00f3n de la Instituci\u00f3n, a trav\u00e9s  de CAROL, en las actividades de prevenci\u00f3n y difusi\u00f3n propias del D\u00eda  Mundial de la Voz.<br>El 27 de abril,  el Dr. Martin Peralta y la Lic. En fonoaudiolog\u00eda Candela Scartascini de  Arr\u00fae Gowland asistieron a 51 pacientes que concurrieron al  Departamento CAROL de LALCEC Rosario a realizarse controles en su voz.  Se les realiz\u00f3 un estudio objetivo y subjetivo de la voz.Relativo a las  acciones de formaci\u00f3n se continu\u00f3 con la propuesta realizada por la  Fonoaudi\u00f3loga Alicia Trossero, ex Profesora titular de la C\u00e1tedra  Patolog\u00edas y Terap\u00e9utica Fonoaudiol\u00f3gica de la Fonaci\u00f3n, recibiendo a 72  alumnas de segundo a\u00f1o de la Carrera de Fonoaudiolog\u00eda de la Facultad  de Ciencias M\u00e9dicas de la UNR, quienes tuvieron la posibilidad de  observar la rehabilitaci\u00f3n fonoaudiol\u00f3gica del paciente  laringectomizado. <br>Los pacientes  asistidos por CAROL en LALCECRosario proven\u00edan en su mayor\u00eda del  Servicio de Fonoaudiolog\u00eda del Hospital Provincial del Centenario; no  obstante, en comparaci\u00f3n a a\u00f1os anteriores, se siguieron incrementado  las derivaciones provenientes del Hospital Provincial de Rosario y de  Instituciones Privadas de Rosario y sus alrededores, de Santa Fe  Capital, de la Ciudad de Paran\u00e1 (Entre R\u00edos).  <br>A lo largo del a\u00f1o 2018 tambi\u00e9n se continu\u00f3 con las tareas espec\u00edficas  de atenci\u00f3n fonoaudiol\u00f3gica, siendo 82 consultas las realizadas en el  a\u00f1o.  <br>Finalizada la pasant\u00eda de la  Srta. Iris Leguizam\u00f3n y luego de una minuciosa b\u00fasqueda para  reemplazarla, se incorpora a la Srta. Carina Ojeda <\/p>\n\n\n\n<p><strong>DERMATOLOG\u00cdA <\/strong><br>La Dra. Valeria Pussetto atendi\u00f3 un total de 63 consultas, incluidas las  de la Campa\u00f1a de Piel realizada el 22 y 23 de noviembre. <\/p>\n\n\n\n<p><strong>PSICOONCOLOG\u00cdA <\/strong><br>El Departamento de Psicooncolog\u00eda continu\u00f3 a cargo de la Dra. Mabel Doba  Scarafoni y las Psic\u00f3logas Alejandra Ang\u00e9lica y Valeria Villoria.  <br>\u2022    Durante el a\u00f1o 2018, se llevaron a cabo un total de 472 entrevistas  de pacientes oncol\u00f3gicos y sus familiares. La mayor\u00eda de ellos personas  de entre 41 y 60 a\u00f1os (50%) y adultos mayores de 61 a 80 a\u00f1os (47%);  s\u00f3lo el 3% de los pacientes tienen entre 21 y 40 a\u00f1os. El 94% de los  pacientes fueron mujeres, y solamente un 6% eran varones. <br> \u2022    Tambi\u00e9n funcion\u00f3 el Grupo de Apoyo a Pacientes Oncol\u00f3gicos los d\u00edas  lunes durante 1 hora y 15 minutos, integrado por 23 mujeres y 1 var\u00f3n,  adem\u00e1s de algunas personas que asistieron en forma espor\u00e1dica. Otro  grupo que funcion\u00f3 los segundos lunes de cada mes fue el de Apoyo para  Familiares en el cual si bien los familiares fueron altern\u00e1ndose,  algunos integrantes asistieron con continuidad. <br> \u2022    Durante el a\u00f1o se realizaron encuentros con profesionales invitados  de especialidades de inter\u00e9s para los pacientes, como talleres de  alimentaci\u00f3n y nutrici\u00f3n:\u201cNuevos criterios sobre el valor de los  alimentos\u201d dictado por la Lic. Ver\u00f3nica Cahuap\u00e9 , esquema corporal, etc. <br> \u2022    En el Grupo de Apoyo a Pacientes Oncol\u00f3gicos  se abordaron los  temas del amor, la salud y los v\u00ednculos en todas sus variantes. Se  trabaj\u00f3 en torno a las emociones que se generan durante los tratamientos  oncol\u00f3gicos, al finalizarlos y durante los controles posteriores. Se  comparti\u00f3 la lectura de cuentos y se desarrollaron actividades de  pintura, escritura y narraci\u00f3n. <br> \u2022    Se festej\u00f3 el \u201cD\u00eda del Amigo\u201d con los integrantes e invitados, en  el cual escribieron cartas al \u201camigo invisible\u201d que se leyeron en la  reuni\u00f3n. <br> \u2022    Se festej\u00f3 la llegada de \u201cLa primavera\u201d  con todas las pacientes,  Cada integrante comparti\u00f3 algo de su elaboraci\u00f3n personal: tejidos,  pinturas, fotos, cuadros, y se organiz\u00f3 un sorteo con lo aportado. <br> \u2022    En la celebraci\u00f3n de fin de a\u00f1o las actividades propuestas fueron  el \u00e1rbol de los deseos y la red vincular lograda a trav\u00e9s de un ovillo.  Se invit\u00f3 a familiares y amigos. Cantaron la canci\u00f3n \u201cM\u00e1s all\u00e1\u201d de  Gloria Estefan y se realiz\u00f3 un sorteo.  <\/p>\n\n\n\n<p>El Departamento de Psicooncolog\u00eda continu\u00f3 a cargo de la Dra. Mabel Doba Scarafoni y las Psic\u00f3logas Alejandra Ang\u00e9lica y Valeria Villoria. <br> \u2022    Durante el a\u00f1o 2018, se llevaron a cabo un total de 472 entrevistas  de pacientes oncol\u00f3gicos y sus familiares. La mayor\u00eda de ellos personas  de entre 41 y 60 a\u00f1os (50%) y adultos mayores de 61 a 80 a\u00f1os (47%);  s\u00f3lo el 3% de los pacientes tienen entre 21 y 40 a\u00f1os. El 94% de los  pacientes fueron mujeres, y solamente un 6% eran varones. <br> \u2022    Tambi\u00e9n funcion\u00f3 el Grupo de Apoyo a Pacientes Oncol\u00f3gicos los d\u00edas  lunes durante 1 hora y 15 minutos, integrado por 23 mujeres y 1 var\u00f3n,  adem\u00e1s de algunas personas que asistieron en forma espor\u00e1dica. Otro  grupo que funcion\u00f3 los segundos lunes de cada mes fue el de Apoyo para  Familiares en el cual si bien los familiares fueron altern\u00e1ndose,  algunos integrantes asistieron con continuidad. <br> \u2022    Durante el a\u00f1o se realizaron encuentros con profesionales invitados  de especialidades de inter\u00e9s para los pacientes, como talleres de  alimentaci\u00f3n y nutrici\u00f3n:\u201cNuevos criterios sobre el valor de los  alimentos\u201d dictado por la Lic. Ver\u00f3nica Cahuap\u00e9 , esquema corporal, etc. <br> \u2022    En el Grupo de Apoyo a Pacientes Oncol\u00f3gicos  se abordaron los  temas del amor, la salud y los v\u00ednculos en todas sus variantes. Se  trabaj\u00f3 en torno a las emociones que se generan durante los tratamientos  oncol\u00f3gicos, al finalizarlos y durante los controles posteriores. Se  comparti\u00f3 la lectura de cuentos y se desarrollaron actividades de  pintura, escritura y narraci\u00f3n. <br> \u2022    Se festej\u00f3 el \u201cD\u00eda del Amigo\u201d con los integrantes e invitados, en  el cual escribieron cartas al \u201camigo invisible\u201d que se leyeron en la  reuni\u00f3n. <br> \u2022    Se festej\u00f3 la llegada de \u201cLa primavera\u201d  con todas las pacientes,  Cada integrante comparti\u00f3 algo de su elaboraci\u00f3n personal: tejidos,  pinturas, fotos, cuadros, y se organiz\u00f3 un sorteo con lo aportado. <br> \u2022    En la celebraci\u00f3n de fin de a\u00f1o las actividades propuestas fueron  el \u00e1rbol de los deseos y la red vincular lograda a trav\u00e9s de un ovillo.  Se invit\u00f3 a familiares y amigos. Cantaron la canci\u00f3n \u201cM\u00e1s all\u00e1\u201d de  Gloria Estefan y se realiz\u00f3 un sorteo. <\/p>\n\n\n\n<p><strong>PR\u00d3STATA<\/strong><br>El Dr. Diego Degiovanni se hizo cargo del consultorio de Urolog\u00eda  a  partir del mes de julio. Atendi\u00f3 un total de 25 pacientes, a algunos de  los cuales les indic\u00f3 hacerse un an\u00e1lisis de PSA u una ecograf\u00eda.  Afortunadamente no se encontraron resultados positivos de c\u00e1ncer. <\/p>\n\n\n\n<p><strong>TRABAJO  SOCIAL <\/strong><br>Se cumplimentaron los casos atendidos efectu\u00e1ndose la investigaci\u00f3n y evaluaci\u00f3n a trav\u00e9s de la pr\u00e1ctica profesional.<br>CIRCUITO DE EVALUACI\u00d3N SOCIO-DIAGN\u00d3STICA<br> \u2022    Entrevista de admisi\u00f3n<br> \u2022    Informe social<br> \u2022    Tratamiento del caso<br> \u2022    Terapia social<br> \u2022    Derivaciones<br> \u2022    Orientaci\u00f3n<br> \u2022    Consultas<br> \u2022    Seguimiento social<\/p>\n\n\n\n<p>1)    RECEPCI\u00d3N DE CASOS<br> Total casos atendidos    22<br> Casos nuevos        19<br> Casos arrastre         3<br> Los casos fueron derivados por efectores provinciales y municipales.<br> <br>2)    Entrega de subsidios<br> Total subsidios: 4<br> a)    Para transporte: 2<br> b)    Para biopsia: 1<br> c)    Para punci\u00f3n estereot\u00e1xica: 1 <br> <br>3)    EXENCIONES<br>Se except\u00faan 2 casos por razones sociales, 1 para linfedema y 1 para Psicooncolog\u00eda <br> <br>4)    VARIOS<br> Pelucas: 13<br> Consultas: 3<br> Bolsas colostom\u00eda: 30<br> Derivaciones: 2 <\/p>\n\n\n\n<p><strong>ACOMODACION DE ESPECTACULOS<\/strong><br>Funciones:<br> Sala Lavarden                 261                        <br> Sala La Comedia             126<br> Sala de Parque Espa\u00f1a    54 <br> Estadios y Citycenter       24  <br><br>En el 2018 nuestro esfuerzo y el de los voluntarios fue altamente recompensado, teniendo en cuenta el alto  monto recaudado. <\/p>\n\n\n\n<p><\/p>\n","protected":false},"excerpt":{"rendered":"<p>SOCIOSSe cerr\u00f3 el a\u00f1o con una cantidad de 97 socios. EX\u00c1MENES DE PAPANICOLAOUDurante el per\u00edodo 2018 LALCEC Rosario realiz\u00f3 un total de 414 Papanicolaous, incluidos los de la campa\u00f1a anual \u201cAlba Nora Canepa\u201d. VIDEOCOLPOSCOPIASDurante el a\u00f1o se realizaron 153 consultas, 112videocolposcop\u00edas, 13 Papanicolaous, 5 cepillados y 32 biopsias.Estos estudios arrojaron&#8230;<\/p>\n<p> <a class=\"continue-reading-link\" href=\"https:\/\/www.lalcecrosario.org.ar\/lalcec\/estadisticas\/\"><span>Ampliar<\/span><i class=\"crycon-right-dir\"><\/i><\/a> <\/p>\n","protected":false},"author":1,"featured_media":0,"parent":0,"menu_order":0,"comment_status":"closed","ping_status":"closed","template":"","meta":{"footnotes":""},"class_list":["post-352","page","type-page","status-publish","hentry","wpautop"],"jetpack_sharing_enabled":true,"_links":{"self":[{"href":"https:\/\/www.lalcecrosario.org.ar\/lalcec\/wp-json\/wp\/v2\/pages\/352","targetHints":{"allow":["GET"]}}],"collection":[{"href":"https:\/\/www.lalcecrosario.org.ar\/lalcec\/wp-json\/wp\/v2\/pages"}],"about":[{"href":"https:\/\/www.lalcecrosario.org.ar\/lalcec\/wp-json\/wp\/v2\/types\/page"}],"author":[{"embeddable":true,"href":"https:\/\/www.lalcecrosario.org.ar\/lalcec\/wp-json\/wp\/v2\/users\/1"}],"replies":[{"embeddable":true,"href":"https:\/\/www.lalcecrosario.org.ar\/lalcec\/wp-json\/wp\/v2\/comments?post=352"}],"version-history":[{"count":4,"href":"https:\/\/www.lalcecrosario.org.ar\/lalcec\/wp-json\/wp\/v2\/pages\/352\/revisions"}],"predecessor-version":[{"id":360,"href":"https:\/\/www.lalcecrosario.org.ar\/lalcec\/wp-json\/wp\/v2\/pages\/352\/revisions\/360"}],"wp:attachment":[{"href":"https:\/\/www.lalcecrosario.org.ar\/lalcec\/wp-json\/wp\/v2\/media?parent=352"}],"curies":[{"name":"wp","href":"https:\/\/api.w.org\/{rel}","templated":true}]}}