{"id":350,"date":"2019-05-15T13:36:08","date_gmt":"2019-05-15T13:36:08","guid":{"rendered":"http:\/\/www.lalcecrosario.org.ar\/?page_id=350"},"modified":"2024-07-31T16:54:39","modified_gmt":"2024-07-31T16:54:39","slug":"memoria-2018","status":"publish","type":"page","link":"https:\/\/www.lalcecrosario.org.ar\/lalcec\/memoria-2018\/","title":{"rendered":"Memoria 2023"},"content":{"rendered":"\n<p><strong>MEMORIA ANUAL 2023<\/strong><\/p>\n\n\n\n<p><strong>DETALLE DE ACTIVIDADES<\/strong><\/p>\n\n\n\n<p><strong><u>CAMPA\u00d1AS REALIZADAS DURANTE EL A\u00d1O<\/u><\/strong><\/p>\n\n\n\n<ul class=\"wp-block-list\">\n<li><strong>Abril<\/strong> \u2013 11\u00ba Campa\u00f1a \u201cAlba Nora Canepa\u201d. Se dieron 200 turnos gratuitos para senograf\u00edas y 200 para ex\u00e1menes de Papanicolaou.<\/li>\n\n\n\n<li><strong>22 de abril<\/strong> \u2013 Campa\u00f1a por el \u201cD\u00eda Nacional de la Voz\u201d realizada por nuestro departamento de Rehabilitaci\u00f3n de Operados de Laringe, con la asistencia del Dr. Nicol\u00e1s De Mar\u00eda.<\/li>\n\n\n\n<li><strong>18 de mayo<\/strong> \u2013 \u201cLuzca bien, si\u00e9ntase mejor\u201d, asistieron 18 pacientes y contamos con la ayuda del maquillador Ramiro Sorrequieta.<\/li>\n\n\n\n<li><strong>28 de setiembre<\/strong> \u2013 2\u00ba reuni\u00f3n de \u201cLuzca bien, si\u00e9ntase mejor\u201d, asistieron 20 pacientes y contamos con la ayuda de la maquilladora Lula Ferrarons.<\/li>\n\n\n\n<li><strong>Octubre<\/strong> &#8211; Campa\u00f1a de 200 senograf\u00edas gratuitas por el D\u00eda Internacional del C\u00e1ncer de Mama. Todos los turnos entregados durante el mes de octubre fueron sin cargo.<\/li>\n\n\n\n<li><strong>1\u00ba de octubre<\/strong> \u2013 Caminata Rosa en Gro. Baigorria, organizada por el Dr. Luciano Mignini.<\/li>\n\n\n\n<li><strong>29 de octubre<\/strong> \u2013 Caminata Rosa organizada con CEMA en Rosario.<\/li>\n\n\n\n<li><strong>13 de noviembre<\/strong> \u2013 Campa\u00f1a de prevenci\u00f3n de c\u00e1ncer de piel en nuestros consultorios.<\/li>\n<\/ul>\n\n\n\n<p><strong><u>EX\u00c1MENES DE PAPANICOLAOU<\/u><\/strong><\/p>\n\n\n\n<p>Durante el a\u00f1o 2023 se realizaron en nuestro consultorio de Ginecolog\u00eda un total de <strong>337<\/strong> ex\u00e1menes de Papanicolaou.<\/p>\n\n\n\n<p>Adem\u00e1s, se llev\u00f3 a cabo en el mes de abril la 11\u00ba Campa\u00f1a \u201cAlba Nora Canepa\u201d, en la cual se hicieron <strong>153<\/strong> ex\u00e1menes m\u00e1s.<\/p>\n\n\n\n<p><strong><u>ECOGRAF\u00cdAS<\/u><\/strong><\/p>\n\n\n\n<p>Se realizaron <strong>1091 <\/strong>ecograf\u00edas de diferentes tipos incluyendo: <strong>747<\/strong> de nuestros consultorios y <strong>344 <\/strong>derivadas de otros efectores.<\/p>\n\n\n\n<ul class=\"wp-block-list\">\n<li>Ginecol\u00f3gicas: &nbsp;&nbsp;&nbsp;&nbsp;&nbsp;&nbsp; &nbsp;&nbsp;&nbsp;&nbsp;&nbsp;&nbsp;&nbsp;&nbsp;&nbsp;&nbsp;&nbsp; &nbsp;&nbsp;102<\/li>\n\n\n\n<li>Transvaginales: &nbsp;&nbsp;&nbsp;&nbsp; &nbsp;&nbsp;&nbsp;&nbsp;&nbsp;&nbsp;&nbsp;&nbsp;&nbsp;&nbsp;&nbsp; &nbsp;&nbsp;290<\/li>\n\n\n\n<li>Mamarias: &nbsp;&nbsp;&nbsp;&nbsp;&nbsp;&nbsp;&nbsp;&nbsp;&nbsp;&nbsp;&nbsp;&nbsp;&nbsp;&nbsp; &nbsp;&nbsp;&nbsp;&nbsp;&nbsp;&nbsp;&nbsp;&nbsp;&nbsp;&nbsp;&nbsp; &nbsp;&nbsp;604<\/li>\n\n\n\n<li>De abdomen y pelvis:&nbsp;&nbsp;&nbsp; &nbsp;&nbsp; &nbsp;&nbsp;&nbsp;&nbsp;24<\/li>\n\n\n\n<li>Reno vesicales:&nbsp;&nbsp;&nbsp;&nbsp;&nbsp;&nbsp;&nbsp;&nbsp;&nbsp;&nbsp;&nbsp;&nbsp;&nbsp; &nbsp; &nbsp;&nbsp;&nbsp;&nbsp;22<\/li>\n\n\n\n<li>Eco dopplers:&nbsp;&nbsp;&nbsp; &nbsp;&nbsp;&nbsp;&nbsp;&nbsp;&nbsp;&nbsp;&nbsp;&nbsp;&nbsp;&nbsp;&nbsp;&nbsp;&nbsp;&nbsp;&nbsp; &nbsp;&nbsp;232<\/li>\n\n\n\n<li>De partes blandas:&nbsp;&nbsp;&nbsp;&nbsp;&nbsp;&nbsp;&nbsp;&nbsp;&nbsp;&nbsp;&nbsp; &nbsp;&nbsp;&nbsp;&nbsp;&nbsp;8<\/li>\n\n\n\n<li>De tiroides:&nbsp;&nbsp;&nbsp;&nbsp;&nbsp;&nbsp;&nbsp;&nbsp;&nbsp;&nbsp;&nbsp;&nbsp;&nbsp; &nbsp;&nbsp;&nbsp;&nbsp;&nbsp;&nbsp;&nbsp;&nbsp;&nbsp;&nbsp;&nbsp;&nbsp;&nbsp;&nbsp; &nbsp;&nbsp;9<\/li>\n<\/ul>\n\n\n\n<p><strong><u>SENOGRAF\u00cdAS<\/u><\/strong><\/p>\n\n\n\n<p>Durante el a\u00f1o 2023 se dieron <strong>566<\/strong> turnos para senograf\u00edas, <strong>226<\/strong> de la cuales fueron para pacientes internas de la instituci\u00f3n y <strong>304<\/strong> para pacientes derivadas de otros hospitales:<\/p>\n\n\n\n<p>Adem\u00e1s, durante la 11\u00ba campa\u00f1a \u201cAlba Nora Canepa\u201d del mes de abril se agregaron <strong>179<\/strong> y en la campa\u00f1a de octubre <strong>186<\/strong>.<\/p>\n\n\n\n<ul class=\"wp-block-list\">\n<li><strong>10\u00ba CAMPA\u00d1A \u201cALBA NORA CANEPA\u201d 2022<\/strong><\/li>\n<\/ul>\n\n\n\n<p>179 senograf\u00edas<\/p>\n\n\n\n<p>Birads 0&nbsp; &nbsp;&nbsp;&nbsp;&nbsp;&nbsp;&nbsp; &nbsp;&nbsp;34<\/p>\n\n\n\n<p>Birads 1&nbsp;&nbsp;&nbsp;&nbsp;&nbsp;&nbsp;&nbsp;&nbsp; &nbsp; 21<\/p>\n\n\n\n<p>Birads 2&nbsp;&nbsp;&nbsp;&nbsp;&nbsp;&nbsp;&nbsp;&nbsp; 119<\/p>\n\n\n\n<p>Birads 3&nbsp;&nbsp;&nbsp;&nbsp;&nbsp;&nbsp;&nbsp;&nbsp; &nbsp;&nbsp;&nbsp; 5<\/p>\n\n\n\n<p>Ecograf\u00edas indicadas por el Dr. Capitaine Funes: <strong>70<\/strong> ecograf\u00edas mamarias.<\/p>\n\n\n\n<ul class=\"wp-block-list\">\n<li><strong>CAMPA\u00d1A SENOGRAF\u00cdAS GRATUITAS (Octubre 2023)<\/strong><\/li>\n<\/ul>\n\n\n\n<p>179 senograf\u00edas<\/p>\n\n\n\n<p>66 derivadas por el Dr. Capitaine Funes para ecograf\u00edas<\/p>\n\n\n\n<p>Birads 0 &nbsp;&nbsp;&nbsp;&nbsp;&nbsp;&nbsp;&nbsp; &nbsp;&nbsp;26<\/p>\n\n\n\n<p>Birads 1&nbsp;&nbsp;&nbsp;&nbsp;&nbsp;&nbsp;&nbsp;&nbsp; &nbsp; 31<\/p>\n\n\n\n<p>Birads 2&nbsp;&nbsp;&nbsp;&nbsp;&nbsp;&nbsp;&nbsp;&nbsp; 121<\/p>\n\n\n\n<p>Birads 3&nbsp;&nbsp;&nbsp;&nbsp;&nbsp;&nbsp;&nbsp;&nbsp; &nbsp;&nbsp;&nbsp; 1<\/p>\n\n\n\n<p><strong><u>VIDEOCOLPOSCOPIAS<\/u><\/strong><\/p>\n\n\n\n<p>Durante el a\u00f1o se realizaron <strong>79<\/strong> consultas y <strong>30<\/strong> biopsias de \u00fatero para la prevenci\u00f3n de c\u00e1ncer del cuello uterino. Estos estudios arrojaron los siguientes resultados:<\/p>\n\n\n\n<p>&nbsp;&nbsp;&nbsp;&nbsp;&nbsp;&nbsp;&nbsp;&nbsp;&nbsp;&nbsp;&nbsp; 14 resultados positivos:&nbsp;&nbsp;&nbsp;&nbsp;&nbsp; 8 lesiones epiteliales de alto grado y<\/p>\n\n\n\n<p>&nbsp;&nbsp;&nbsp;&nbsp;&nbsp;&nbsp;&nbsp;&nbsp;&nbsp;&nbsp;&nbsp;&nbsp;&nbsp;&nbsp;&nbsp;&nbsp;&nbsp;&nbsp;&nbsp;&nbsp;&nbsp;&nbsp;&nbsp;&nbsp;&nbsp;&nbsp;&nbsp;&nbsp;&nbsp;&nbsp;&nbsp;&nbsp;&nbsp;&nbsp;&nbsp;&nbsp;&nbsp;&nbsp;&nbsp;&nbsp;&nbsp;&nbsp;&nbsp;&nbsp;&nbsp;&nbsp;&nbsp;&nbsp;&nbsp;&nbsp;&nbsp;&nbsp;&nbsp;&nbsp;&nbsp;&nbsp;&nbsp;&nbsp; 6 lesiones intraepiteliales de bajo grado<\/p>\n\n\n\n<p>&nbsp;&nbsp;&nbsp;&nbsp;&nbsp;&nbsp;&nbsp;&nbsp;&nbsp;&nbsp;&nbsp; No se detect\u00f3 ning\u00fan c\u00e1ncer de cuello uterino.<\/p>\n\n\n\n<p><strong><u>PATOLOG\u00cdA MAMARIA<\/u><\/strong><\/p>\n\n\n\n<p>El Dr. Juan Capitaine Funes atendi\u00f3 a <strong>108<\/strong> pacientes en su consultorio, derivando <strong>8<\/strong> a los Hospitales Provincial o Centenario.<\/p>\n\n\n\n<p>Indic\u00f3 ecograf\u00edas mamarias a aquellas pacientes que presentaban alguna anomal\u00eda en sus senograf\u00edas.<\/p>\n\n\n\n<p>Se pueden destacar los siguientes casos:<\/p>\n\n\n\n<ul class=\"wp-block-list\">\n<li>Paciente que presenta calcificaciones, operada en el Hospital Centenario el 27\/4\/23.<\/li>\n\n\n\n<li>Paciente con carcinoma invasor descubierto por punci\u00f3n, se deriva al Hospital Centenario.<\/li>\n\n\n\n<li>Paciente que presenta n\u00f3dulo grande, derivada al Hospital Centenario para punci\u00f3n.<\/li>\n\n\n\n<li>Varias pacientes derivadas para punci\u00f3n bi\u00f3psica con aguja Tru-Cut al Hospital Provincial.<\/li>\n\n\n\n<li>Paciente con n\u00f3dulo sospechoso es derivada al Centro de C\u00e1mara Gamma para punci\u00f3n y luego el Dr. solicita el an\u00e1lisis inmunohistoqu\u00edmico de la muestra. Ambos estudios son pagados por nuestra instituci\u00f3n.<\/li>\n<\/ul>\n\n\n\n<p>En total LALCERC ROSARIO solvent\u00f3 <strong>tres<\/strong> biopsias mamarias efectuadas en Sylabus y en la Cl\u00ednica de C\u00e1mara Gamma.<\/p>\n\n\n\n<p><strong><u>C.R.O.L.<\/u><\/strong><\/p>\n\n\n\n<p><strong><u>Centro de Rehabilitaci\u00f3n de Operados de Laringe<\/u><\/strong><\/p>\n\n\n\n<p>El d\u00eda 10 marzo se da apertura al ciclo anual de actividades del departamento C.R.O.L con una frecuencia semanal los d\u00edas viernes de 9 a 13 hs, culminando el d\u00eda 21 de diciembre del corriente a\u00f1o.<\/p>\n\n\n\n<p>La coordinaci\u00f3n general y la atenci\u00f3n cl\u00ednica a pacientes estuvo a cargo de la Lic. en Fonoaudiolog\u00eda Carina Ojeda, contando con la asesor\u00eda cl\u00ednica desde Buenos Aires de la Lic. en Fonoaudiolog\u00eda Baiana Fazzari. En el transcurso del a\u00f1o se brind\u00f3 asistencia fonoaudiol\u00f3gica a 6 a pacientes; 3 de ellos reanudaron tratamiento del a\u00f1o anterior y los otros 3 correspondieron a nuevos ingresos en la segunda mitad del a\u00f1o.<\/p>\n\n\n\n<p>El 22 de abril se realiz\u00f3 la Campa\u00f1a anual y gratuita en conmemoraci\u00f3n al D\u00eda Mundial de la Voz \u2013 XXI Campa\u00f1a: bajo el lema \u201cTu voz importa\u201d se realizaron controles preventivos gratuitos a personas con disfon\u00eda, molestias en la garganta, fumadores y a aquellas que usan su voz como herramienta de trabajo.&nbsp; A dicho control concurrieron 18 personas.&nbsp;<a> <\/a>Se cont\u00f3 con la participaci\u00f3n del m\u00e9dico otorrinolaring\u00f3logo Demar\u00eda Nicol\u00e1s, quien realiz\u00f3 el estudio objetivo (fibrolaringoscopia).<\/p>\n\n\n\n<p>El d\u00eda 11 de mayo se realiz\u00f3 un encuentro en la Empresa Insumos en Salud de la Ciudad de Rosario. Participaron asesores comerciales de dicha entidad, la Lic. en Fonoaudiolog\u00eda Valentina Urrets Zavalia (Asesora cl\u00ednica de la empresa PAM Argentina) con personal de la Sede de Lalcec &#8211; Rosario: la vicepresidenta Isabel Amuch\u00e1stegui, la Lic. en Fonoaudiolog\u00eda Carina Ojeda y pacientes. En primera instancia la Lic Urretzs Zavalia, junto con la Lic. Ojeda presentaron a los presentes los equipos para rehabilitaci\u00f3n pulmonar que contribuyen al mejoramiento de la calidad de vida y brindaron asesoramiento sobre sus usos. En la segunda parte del encuentro se dialog\u00f3 con la vicepresidenta de Lalcec: se habl\u00f3 de costos y de la posibilidad de poder realizar una ayuda econ\u00f3mica para la obtenci\u00f3n de estos equipos en caso de que los pacientes no cuenten con los recursos econ\u00f3micos suficientes.<\/p>\n\n\n\n<p>El d\u00eda 23 de agosto se llev\u00f3 a cabo una Jornada de Capacitaci\u00f3n a cargo de la Lic. en Fonoaudiolog\u00eda Valentina Urrets Zavalia de la empresa PAM Argentina. Luego de la capacitaci\u00f3n se realiz\u00f3 un espacio de consultorio al que concurrieron pacientes interesados en obtener estos equipos. El 15 de septiembre se inicia la primera etapa del primer equipamiento de rehabilitaci\u00f3n pulmonar a uno de nuestros pacientes, realizado en la sede de LALCEC a cargo de la licenciada en Fonoaudiolog\u00eda Carina Ojeda con el asesoramiento cl\u00ednico t\u00e9cnico de la Lic. Valentina Urrets Zavalia de la empresa PAM argentina.<\/p>\n\n\n\n<p>En el transcurso del a\u00f1o se mantuvo el Consultorio Preventivo de C\u00e1ncer de Laringe realizando controles preventivos gratuitos destinados a personas de m\u00e1s de cuarenta a\u00f1os que perciban molestias en la garganta y cambios en su voz de larga data.<\/p>\n\n\n\n<p>En diciembre la Lic. en Fonoaudiolog\u00eda Baiana Fazzari informa que por razones personales y laborales se desvincula del equipo de C.R.O.L de LALCEC, comprometi\u00e9ndose de manera informal en quedar a disposici\u00f3n ante cualquier consulta que se desee hacer desde nuestra Sede.<\/p>\n\n\n\n<p>El 21 de diciembre se realiz\u00f3 un desayuno de cierre anual de las actividades con los pacientes de C.R.O.L.&nbsp;<\/p>\n\n\n\n<p><strong><u>PSICOONCOLOG\u00cdA<\/u><\/strong><\/p>\n\n\n\n<p>En el curso de a\u00f1o de trabajo se atendieron <strong>29<\/strong> pacientes de entre 24 a 74 a\u00f1os y se realizaron las siguientes actividades:<\/p>\n\n\n\n<ul class=\"wp-block-list\">\n<li>Atenci\u00f3n terap\u00e9utica individual (ver gr\u00e1fico m\u00e1s abajo).<\/li>\n\n\n\n<li>Atenci\u00f3n de esclarecimiento y apoyo al grupo familiar en caso necesario.<\/li>\n\n\n\n<li>Terapia grupal desarrollada en sesiones semanales.<\/li>\n\n\n\n<li>Talleres de arte-terapia, literarios, con proyecci\u00f3n de im\u00e1genes, representaciones dramatizadas, etc.<\/li>\n\n\n\n<li>Charlas de inter\u00e9s orientadas a la prevenci\u00f3n para pacientes y p\u00fablico en general.<\/li>\n\n\n\n<li>Intervenci\u00f3n a requerimiento de otros departamentos de la instituci\u00f3n.<\/li>\n\n\n\n<li>Trabajo de supervisi\u00f3n de casos terap\u00e9utico.<\/li>\n<\/ul>\n\n\n\n<p>La atenci\u00f3n se fue incrementando de 1 d\u00eda a 3 d\u00edas a partir del crecimiento de la demanda.<\/p>\n\n\n\n<p>De los pacientes atendidos, nos comunicaron el fallecimiento de dos.<\/p>\n\n\n\n<p><strong><u>DERMATOLOG\u00cdA<\/u><\/strong><\/p>\n\n\n\n<p>El Dr. Diego Degiovanni atendi\u00f3 un total de <strong>14<\/strong> pacientes en seis d\u00edas de consultorio. Les indic\u00f3 hacerse un an\u00e1lisis de PSA y una ecograf\u00eda.<\/p>\n\n\n\n<p><strong><u>ASISTENCIA SOCIAL<\/u><\/strong><\/p>\n\n\n\n<p>Se atendieron varios casos de personas con problemas.<\/p>\n\n\n\n<p>Tipos de demandas:<\/p>\n\n\n\n<ul class=\"wp-block-list\">\n<li>Conflictos en las autorizaciones de prescripciones m\u00e9dicas.<\/li>\n\n\n\n<li>Demoras en turnos.<\/li>\n<\/ul>\n\n\n\n<p>Destacamos particularmente tres casos en los que nuestra instituci\u00f3n prest\u00f3 su ayuda econ\u00f3mica, dada la gravedad de los mismos:<\/p>\n\n\n\n<ul class=\"wp-block-list\">\n<li>A una ni\u00f1a internada por leucemia en Barcelona se le transfiri\u00f3 un total de $ 1.180.000 para colaborar con la compra de medicaci\u00f3n y subsistencia de sus padres en esa ciudad.<\/li>\n\n\n\n<li>Igualmente procedimos con un ni\u00f1o internado tambi\u00e9n en Barcelona hace un a\u00f1o, se le hicieron donaciones por un importe total de $ 579.000.<\/li>\n\n\n\n<li>A un ni\u00f1o de 8 a\u00f1os de edad, para el tratamiento de un neuroblastoma de suma gravedad, se le donaron $ 290.000.<\/li>\n<\/ul>\n\n\n\n<p>Como es habitual, se entregaron pelucas a mujeres en tratamiento de quimioterapia y bolsas de colostom\u00eda.<\/p>\n\n\n\n<p><strong><u>LINFEDEMA<\/u><\/strong><\/p>\n\n\n\n<p>La Kga. Carina Pescetto hizo tratamientos de linfedema a <strong>172<\/strong> pacientes a lo largo del a\u00f1o.<\/p>\n\n\n\n<p>Las sesiones consistieron en masajes manuales, sesiones de presoterapia y colocaci\u00f3n de tapings, con el objeto de deshinchar los miembros afectados por la falta de ganglios.<\/p>\n\n\n\n<p><strong><u>APOYOS RECIBIDOS<\/u><\/strong><\/p>\n\n\n\n<ul class=\"wp-block-list\">\n<li>Fundaci\u00f3n Lanzillotta<\/li>\n\n\n\n<li>Bolsa de Comercio de Rosario.<\/li>\n\n\n\n<li>Fundaci\u00f3n Josefina Prats.<\/li>\n\n\n\n<li>Donaciones de empresas y personas que son nuestros benefactores constantes, sin cuya generosidad ser\u00eda imposible mantener nuestro accionar y a quienes respetamos su deseo de permanecer en el anonimato.<\/li>\n<\/ul>\n\n\n\n<p><strong><u>TEATROS<\/u><\/strong><\/p>\n\n\n\n<p>La actividad de los espect\u00e1culos p\u00fablicos se increment\u00f3 durante el a\u00f1o 2023, lo cual signific\u00f3 un important\u00edsimo ingreso proveniente de lo recaudado por los acomodadores.<\/p>\n\n\n\n<p>Expresamos nuestro agradecimiento a la Sra. Mar\u00eda del Luj\u00e1n Gradilone por su trabajo de organizaci\u00f3n y a los acomodadores que tambi\u00e9n realizan su tarea con dedicaci\u00f3n y desinteresadamente.<\/p>\n\n\n\n<p><strong>Nuestros colaboradores acomodadores: <\/strong>Agostini Yvanna, Alvarez Martha, Ag\u00fcero Mar\u00eda, Andreani M\u00f3nica, Bezzasa Vale, Bal Yamila, Biaggiola B\u00e1rbara, Bazzone Cintya, Bossoleti Carolina, Berman Silvia, Brusco Patricia, Bruera Lorena, Coluzzi Tom\u00e1s, Chami Igal, Charr\u00e1s Natalia, Di Carlo Silvia, Di Palma Adriana, Debegni Beatriz, Derbes Janina, D\u00edaz Lorena, Duarte Claudia, Espinoza Melina, Gamba Giuliana, Gallina Luciana, Jofr\u00e9 Antonella, Krichak Daniela, Ledesma Iris, Ledesma Virginia, Mart\u00ednez Vanesa, Moreno Alejandra, Monti Silvia, Montoya Teresa, Negro Nancy, Orocha Silvana, Perez Emilia, Peralta Julieta, Razzeti Fernando, Racca Flor, Ripacabdida Leo, Ram\u00edrez Selva, Rosso Estefan\u00eda, Santill\u00e1n Luciano, Salinas Carina, Scaparotella Flavia, Serrichio Marcela, Silva Veronica, Temporelli Gladys, Trivisone Soledad, Torres Carina, Z\u00e1rate Ayel\u00e9n, Zolezzi Anal\u00eda, Mart\u00ednez Tamara, Mart\u00ednez Vanesa, D\u00edaz Natalia, D\u00edaz Lorena y Zolezzi Anal\u00eda.<\/p>\n\n\n\n<p><strong>Coordinadoras:<\/strong><\/p>\n\n\n\n<p>Mar\u00eda del Luj\u00e1n Gradilone, \u00c1ngela Regueiro, Elena Morresi, Alejandra Moreno, Mar\u00eda Ag\u00fcero.<\/p>\n\n\n\n<p><strong>Responsable del \u00e1rea:<\/strong> Sra. Mar\u00eda del Luj\u00e1n Gradilone<\/p>\n\n\n\n<p><strong><u>SOCIOS<\/u><\/strong><\/p>\n\n\n\n<p>Se cerr\u00f3 el a\u00f1o con una cantidad de <strong>118<\/strong> socios.<\/p>\n\n\n\n<p>Nuestro especial agradecimiento a todos los medios radiales, gr\u00e1ficos y televisivos por la difusi\u00f3n de nuestro trabajo, sin cuyo apoyo ser\u00eda imposible hacer conocer nuestras actividades.<\/p>\n\n\n\n<p><\/p>\n","protected":false},"excerpt":{"rendered":"<p>MEMORIA ANUAL 2023 DETALLE DE ACTIVIDADES CAMPA\u00d1AS REALIZADAS DURANTE EL A\u00d1O EX\u00c1MENES DE PAPANICOLAOU Durante el a\u00f1o 2023 se realizaron en nuestro consultorio de Ginecolog\u00eda un total de 337 ex\u00e1menes de Papanicolaou. Adem\u00e1s, se llev\u00f3 a cabo en el mes de abril la 11\u00ba Campa\u00f1a \u201cAlba Nora Canepa\u201d, en la&#8230;<\/p>\n<p> <a class=\"continue-reading-link\" href=\"https:\/\/www.lalcecrosario.org.ar\/lalcec\/memoria-2018\/\"><span>Ampliar<\/span><i class=\"crycon-right-dir\"><\/i><\/a> <\/p>\n","protected":false},"author":1,"featured_media":0,"parent":0,"menu_order":0,"comment_status":"closed","ping_status":"closed","template":"","meta":{"footnotes":""},"class_list":["post-350","page","type-page","status-publish","hentry","wpautop"],"jetpack_sharing_enabled":true,"_links":{"self":[{"href":"https:\/\/www.lalcecrosario.org.ar\/lalcec\/wp-json\/wp\/v2\/pages\/350","targetHints":{"allow":["GET"]}}],"collection":[{"href":"https:\/\/www.lalcecrosario.org.ar\/lalcec\/wp-json\/wp\/v2\/pages"}],"about":[{"href":"https:\/\/www.lalcecrosario.org.ar\/lalcec\/wp-json\/wp\/v2\/types\/page"}],"author":[{"embeddable":true,"href":"https:\/\/www.lalcecrosario.org.ar\/lalcec\/wp-json\/wp\/v2\/users\/1"}],"replies":[{"embeddable":true,"href":"https:\/\/www.lalcecrosario.org.ar\/lalcec\/wp-json\/wp\/v2\/comments?post=350"}],"version-history":[{"count":13,"href":"https:\/\/www.lalcecrosario.org.ar\/lalcec\/wp-json\/wp\/v2\/pages\/350\/revisions"}],"predecessor-version":[{"id":603,"href":"https:\/\/www.lalcecrosario.org.ar\/lalcec\/wp-json\/wp\/v2\/pages\/350\/revisions\/603"}],"wp:attachment":[{"href":"https:\/\/www.lalcecrosario.org.ar\/lalcec\/wp-json\/wp\/v2\/media?parent=350"}],"curies":[{"name":"wp","href":"https:\/\/api.w.org\/{rel}","templated":true}]}}