{"id":29,"date":"2015-11-10T21:11:32","date_gmt":"2015-11-10T21:11:32","guid":{"rendered":"http:\/\/www.lalcecrosario.org.ar\/lalcec\/?page_id=29"},"modified":"2016-02-26T12:49:48","modified_gmt":"2016-02-26T12:49:48","slug":"cancer-de-prostata","status":"publish","type":"page","link":"https:\/\/www.lalcecrosario.org.ar\/lalcec\/cancer-de-prostata\/","title":{"rendered":"C\u00e1ncer de pr\u00f3stata"},"content":{"rendered":"<p>Es el c\u00e1ncer que se forma en los tejidos de la pr\u00f3stata, gl\u00e1ndula del aparato reproductor masculino que queda por debajo de la vejiga y delante del recto.<br \/>\nEl desarrollo de la pr\u00f3stata depende de las hormonas llamadas andr\u00f3genos (de andro-g\u00e9nero masculino) y una de ellas, la testosterona, es el principal est\u00edmulo para su crecimiento.<br \/>\nEsta gl\u00e1ndula pesa muy poquito al nacer y va aumentando con la edad. El volumen es muy variable y lo produce generalmente la denominada hipertrofia prost\u00e1tica benigna (HPB) que como indica su nombre no tiene malignidad, pero por su \u00edntima relaci\u00f3n con la uretra y la vejiga puede ocasionar problemas al orinar. Tambi\u00e9n el crecimiento de esta gl\u00e1ndula puede producir infecciones (prostatitis) y tumores malignos.<\/p>\n<p><strong>S\u00cdNTOMAS<\/strong><br \/>\nSi usted presenta cualquiera de los siguientes s\u00edntomas consulte a su m\u00e9dico:<br \/>\n\u2022 Flujo de orina d\u00e9bil.<br \/>\n\u2022 Dificultad al orinar o p\u00e9rdida de sangre.<br \/>\n\u2022 Aumento de la necesidad de orinar en especial durante la noche.<br \/>\n\u2022 Antecedentes familiares de c\u00e1ncer de pr\u00f3stata.<br \/>\n\u2022 Ser mayor de 50 a\u00f1os.<\/p>\n<p><strong>DETECCI\u00d3N<\/strong><br \/>\n\u2022 Tacto rectal.<br \/>\n\u2022 Prueba del ant\u00edgeno prost\u00e1tico espec\u00edfico (PSA).<br \/>\n\u2022 Ecograf\u00eda prost\u00e1tica transrectal.<\/p>\n<h3 style=\"text-align: center;\">\u00a1 Cuide su vida ! Una consulta a tiempo puede salvarla.<\/h3>\n<p>&nbsp;<\/p>\n","protected":false},"excerpt":{"rendered":"<p>Es el c\u00e1ncer que se forma en los tejidos de la pr\u00f3stata, gl\u00e1ndula del aparato reproductor masculino que queda por debajo de la vejiga y delante del recto. El desarrollo de la pr\u00f3stata depende de las hormonas llamadas andr\u00f3genos (de andro-g\u00e9nero masculino) y una de ellas, la testosterona, es el&#8230;<\/p>\n<p> <a class=\"continue-reading-link\" href=\"https:\/\/www.lalcecrosario.org.ar\/lalcec\/cancer-de-prostata\/\"><span>Ampliar<\/span><i class=\"crycon-right-dir\"><\/i><\/a> <\/p>\n","protected":false},"author":1,"featured_media":0,"parent":0,"menu_order":0,"comment_status":"closed","ping_status":"closed","template":"","meta":{"footnotes":""},"class_list":["post-29","page","type-page","status-publish","hentry","wpautop"],"jetpack_sharing_enabled":true,"_links":{"self":[{"href":"https:\/\/www.lalcecrosario.org.ar\/lalcec\/wp-json\/wp\/v2\/pages\/29","targetHints":{"allow":["GET"]}}],"collection":[{"href":"https:\/\/www.lalcecrosario.org.ar\/lalcec\/wp-json\/wp\/v2\/pages"}],"about":[{"href":"https:\/\/www.lalcecrosario.org.ar\/lalcec\/wp-json\/wp\/v2\/types\/page"}],"author":[{"embeddable":true,"href":"https:\/\/www.lalcecrosario.org.ar\/lalcec\/wp-json\/wp\/v2\/users\/1"}],"replies":[{"embeddable":true,"href":"https:\/\/www.lalcecrosario.org.ar\/lalcec\/wp-json\/wp\/v2\/comments?post=29"}],"version-history":[{"count":6,"href":"https:\/\/www.lalcecrosario.org.ar\/lalcec\/wp-json\/wp\/v2\/pages\/29\/revisions"}],"predecessor-version":[{"id":244,"href":"https:\/\/www.lalcecrosario.org.ar\/lalcec\/wp-json\/wp\/v2\/pages\/29\/revisions\/244"}],"wp:attachment":[{"href":"https:\/\/www.lalcecrosario.org.ar\/lalcec\/wp-json\/wp\/v2\/media?parent=29"}],"curies":[{"name":"wp","href":"https:\/\/api.w.org\/{rel}","templated":true}]}}