{"id":267,"date":"2016-05-04T14:21:43","date_gmt":"2016-05-04T14:21:43","guid":{"rendered":"http:\/\/www.lalcecrosario.org.ar\/?page_id=267"},"modified":"2016-05-04T14:21:43","modified_gmt":"2016-05-04T14:21:43","slug":"cancer-bucal","status":"publish","type":"page","link":"https:\/\/www.lalcecrosario.org.ar\/lalcec\/cancer-bucal\/","title":{"rendered":"C\u00e1ncer bucal"},"content":{"rendered":"<p>FACULTAD DE ODONTOLOG\u00cdA DE LA UNR<br \/>\nEx\u00e1men de estomatolog\u00eda gratuito<\/p>\n<p>D\u00edas:\u00a0 Martes y Jueves<br \/>\nHorario:\u00a0\u00a0 de 9 a 11.30 hs<br \/>\nLugar: \u00a0 C\u00e1tedra de Estomatolog\u00eda FOR,\u00a0 Santa Fe 3160\u00a0 Piso\u00a0 7<\/p>\n<p>&nbsp;<\/p>\n<h3 style=\"text-align: center;\">\u00a1 Cuide su vida ! Una consulta a tiempo puede salvarla.<\/h3>\n<p>&nbsp;<\/p>\n","protected":false},"excerpt":{"rendered":"<p>FACULTAD DE ODONTOLOG\u00cdA DE LA UNR Ex\u00e1men de estomatolog\u00eda gratuito D\u00edas:\u00a0 Martes y Jueves Horario:\u00a0\u00a0 de 9 a 11.30 hs Lugar: \u00a0 C\u00e1tedra de Estomatolog\u00eda FOR,\u00a0 Santa Fe 3160\u00a0 Piso\u00a0 7 &nbsp; \u00a1 Cuide su vida ! Una consulta a tiempo puede salvarla. &nbsp;<\/p>\n<p> <a class=\"continue-reading-link\" href=\"https:\/\/www.lalcecrosario.org.ar\/lalcec\/cancer-bucal\/\"><span>Ampliar<\/span><i class=\"crycon-right-dir\"><\/i><\/a> <\/p>\n","protected":false},"author":1,"featured_media":0,"parent":0,"menu_order":0,"comment_status":"closed","ping_status":"closed","template":"","meta":{"footnotes":""},"class_list":["post-267","page","type-page","status-publish","hentry","wpautop"],"jetpack_sharing_enabled":true,"_links":{"self":[{"href":"https:\/\/www.lalcecrosario.org.ar\/lalcec\/wp-json\/wp\/v2\/pages\/267","targetHints":{"allow":["GET"]}}],"collection":[{"href":"https:\/\/www.lalcecrosario.org.ar\/lalcec\/wp-json\/wp\/v2\/pages"}],"about":[{"href":"https:\/\/www.lalcecrosario.org.ar\/lalcec\/wp-json\/wp\/v2\/types\/page"}],"author":[{"embeddable":true,"href":"https:\/\/www.lalcecrosario.org.ar\/lalcec\/wp-json\/wp\/v2\/users\/1"}],"replies":[{"embeddable":true,"href":"https:\/\/www.lalcecrosario.org.ar\/lalcec\/wp-json\/wp\/v2\/comments?post=267"}],"version-history":[{"count":1,"href":"https:\/\/www.lalcecrosario.org.ar\/lalcec\/wp-json\/wp\/v2\/pages\/267\/revisions"}],"predecessor-version":[{"id":268,"href":"https:\/\/www.lalcecrosario.org.ar\/lalcec\/wp-json\/wp\/v2\/pages\/267\/revisions\/268"}],"wp:attachment":[{"href":"https:\/\/www.lalcecrosario.org.ar\/lalcec\/wp-json\/wp\/v2\/media?parent=267"}],"curies":[{"name":"wp","href":"https:\/\/api.w.org\/{rel}","templated":true}]}}