{"id":26,"date":"2015-11-10T20:18:06","date_gmt":"2015-11-10T20:18:06","guid":{"rendered":"http:\/\/www.lalcecrosario.org.ar\/lalcec\/?page_id=26"},"modified":"2016-03-03T12:08:55","modified_gmt":"2016-03-03T12:08:55","slug":"cancer-de-piel","status":"publish","type":"page","link":"https:\/\/www.lalcecrosario.org.ar\/lalcec\/cancer-de-piel\/","title":{"rendered":"C\u00e1ncer de piel"},"content":{"rendered":"<p>El c\u00e1ncer de piel se produce por el desarrollo de c\u00e9lulas cancerosas en cualquiera de las capas de la piel. La exposici\u00f3n reiterada a las radiaciones ultravioletas es la causa m\u00e1s frecuente y la \u00fanica prevenible.<\/p>\n<p>Existen dos tipos de c\u00e1ncer de piel:<br \/>\n\u2022 Epiteliomas<br \/>\n\u2022 Melanomas<\/p>\n<p>Los <strong>epiteliomas<\/strong> son los m\u00e1s frecuentes (95 % de todos los c\u00e1ncer de piel) y se presentan como lesiones nodulares (bultos o quistes) sobre todo a partir de los 50 a\u00f1os. Las lesiones se localizan en las zonas m\u00e1s expuestas al sol, como cara, cabeza y cuello.<\/p>\n<p>Los <strong>melanomas<\/strong> cut\u00e1neos malignos, son los menos frecuentes, aunque en algunas zonas del mundo su incidencia est\u00e1 aumentando en las \u00faltimas d\u00e9cadas.<br \/>\nEn general los melanomas se presentan como lesiones pigmentadas, asim\u00e9tricas, de bordes irregulares y que tienden a crecer en poco tiempo; o bien aparecen como cambios en las caracter\u00edsticas de un lunar previamente existente.<\/p>\n<p><strong>S\u00cdNTOMAS<\/strong><br \/>\nCualquiera sea su tipo de piel h\u00e1gase un autoexamen mensual para encontrar nuevos lunares, manchas o cambios en los ya existentes incluyendo marcas de nacimiento.<br \/>\nLa regla <strong>A B C D E<\/strong> es otro m\u00e9todo para identificar las se\u00f1ales habituales del melanoma.<br \/>\nPermanezca alerta y notifique a su m\u00e9dico si observa lunares que tengan cualquiera de las siguientes caracter\u00edsticas:<br \/>\n<strong>A<\/strong> asimetr\u00eda: la mitad del lunar o marca de nacimiento no corresponde a la otra mitad.<br \/>\n<strong>B<\/strong> borde: los bordes son irregulares, desiguales, dentados o poco definidos.<br \/>\n<strong>C<\/strong> color: el color no es uniforme y pudiera incluir sombras color marr\u00f3n o manchas.<br \/>\n<strong>D<\/strong> di\u00e1metro: el lunar mide m\u00e1s de 6mm de ancho, aunque puede se m\u00e1s peque\u00f1o.<br \/>\n<strong>E<\/strong> evoluci\u00f3n: el tama\u00f1o, el color o la forma del lunar est\u00e1n cambiando.<\/p>\n<p>Otras se\u00f1ales de advertencia:<br \/>\n\u2022 Heridas que no cicatrizan.<br \/>\n\u2022 Mancha que pica, escama o sangra.<\/p>\n<p><strong>CAUSAS<\/strong><br \/>\nTodos pueden tener c\u00e1ncer de piel, pero las personas m\u00e1s susceptibles son:<br \/>\n\u2022 Las de piel y ojos claros.<br \/>\n\u2022 Las que siempre se queman y nunca se broncean con el sol.<br \/>\n\u2022 Aqu\u00e9llas que se exponen o se expusieron al sol en forma excesiva.<br \/>\n\u2022 Quienes hayan sufrido quemaduras solares importantes.<br \/>\n\u2022 Las que tienen antecedentes familiares de c\u00e1ncer de piel.<br \/>\n\u2022 Personas con muchos lunares.<br \/>\n\u2022 Personas con 5 o m\u00e1s exposiciones en cama solar.<\/p>\n<p><strong>PREVENCI\u00d3N<\/strong><br \/>\nPara protegernos de las radiaciones ultravioletas, principal causa del c\u00e1ncer de piel, es muy importante tomar las siguientes precauciones:<br \/>\n\u2022 Aplicar abundante cantidad de protector solar de amplio espectro (UVB-UVA) m\u00ednimo FPS 15 cubriendo la totalidad de la piel expuesta y renovar la aplicaci\u00f3n cada 2 horas.<br \/>\n\u2022 Evitar el sol del mediod\u00eda entre las 10 y las 16 horas.<br \/>\n\u2022 No exponer al sol en forma directa o indirecta a los ni\u00f1os menores de 1 a\u00f1o, pero ante la necesidad de hacerlo a partir de los 6 meses pueden usar protectores solares.<br \/>\n\u2022 Recordar que las nubes dejan pasar el sol y la arena, el agua y la nieve aumentan su acci\u00f3n.<br \/>\n\u2022 Recordar que ciertos medicamentos producen erupciones y quemaduras en la exposici\u00f3n al sol.<br \/>\n\u2022 Usar gorro o sombrero y anteojos de sol.<\/p>\n<h3 style=\"text-align: center;\">Casi todos los tumores malignos son curables si se los detecta a tiempo.<\/h3>\n<p>&nbsp;<\/p>\n","protected":false},"excerpt":{"rendered":"<p>El c\u00e1ncer de piel se produce por el desarrollo de c\u00e9lulas cancerosas en cualquiera de las capas de la piel. La exposici\u00f3n reiterada a las radiaciones ultravioletas es la causa m\u00e1s frecuente y la \u00fanica prevenible. Existen dos tipos de c\u00e1ncer de piel: \u2022 Epiteliomas \u2022 Melanomas Los epiteliomas son&#8230;<\/p>\n<p> <a class=\"continue-reading-link\" href=\"https:\/\/www.lalcecrosario.org.ar\/lalcec\/cancer-de-piel\/\"><span>Ampliar<\/span><i class=\"crycon-right-dir\"><\/i><\/a> <\/p>\n","protected":false},"author":1,"featured_media":0,"parent":0,"menu_order":0,"comment_status":"closed","ping_status":"closed","template":"","meta":{"footnotes":""},"class_list":["post-26","page","type-page","status-publish","hentry","wpautop"],"jetpack_sharing_enabled":true,"_links":{"self":[{"href":"https:\/\/www.lalcecrosario.org.ar\/lalcec\/wp-json\/wp\/v2\/pages\/26","targetHints":{"allow":["GET"]}}],"collection":[{"href":"https:\/\/www.lalcecrosario.org.ar\/lalcec\/wp-json\/wp\/v2\/pages"}],"about":[{"href":"https:\/\/www.lalcecrosario.org.ar\/lalcec\/wp-json\/wp\/v2\/types\/page"}],"author":[{"embeddable":true,"href":"https:\/\/www.lalcecrosario.org.ar\/lalcec\/wp-json\/wp\/v2\/users\/1"}],"replies":[{"embeddable":true,"href":"https:\/\/www.lalcecrosario.org.ar\/lalcec\/wp-json\/wp\/v2\/comments?post=26"}],"version-history":[{"count":7,"href":"https:\/\/www.lalcecrosario.org.ar\/lalcec\/wp-json\/wp\/v2\/pages\/26\/revisions"}],"predecessor-version":[{"id":255,"href":"https:\/\/www.lalcecrosario.org.ar\/lalcec\/wp-json\/wp\/v2\/pages\/26\/revisions\/255"}],"wp:attachment":[{"href":"https:\/\/www.lalcecrosario.org.ar\/lalcec\/wp-json\/wp\/v2\/media?parent=26"}],"curies":[{"name":"wp","href":"https:\/\/api.w.org\/{rel}","templated":true}]}}