{"id":22,"date":"2015-11-10T19:49:21","date_gmt":"2015-11-10T19:49:21","guid":{"rendered":"http:\/\/www.lalcecrosario.org.ar\/lalcec\/?page_id=22"},"modified":"2016-02-26T12:39:37","modified_gmt":"2016-02-26T12:39:37","slug":"cancer-de-cuello-de-utero","status":"publish","type":"page","link":"https:\/\/www.lalcecrosario.org.ar\/lalcec\/cancer-de-cuello-de-utero\/","title":{"rendered":"C\u00e1ncer de cuello de \u00fatero"},"content":{"rendered":"<p>El c\u00e1ncer de cuello de \u00fatero consiste en una proliferaci\u00f3n an\u00f3mala de c\u00e9lulas que se manifiesta en el cuello uterino o c\u00e9rvix (\u00f3rgano que conecta el \u00fatero con la vagina) y que afecta, seg\u00fan estudios de los \u00faltimos a\u00f1os, a mujeres cada vez m\u00e1s j\u00f3venes. Por lo general es un c\u00e1ncer que crece lentamente, que puede no tener s\u00edntomas pero que se detecta precozmente con un Papanicolaou (procedimiento en el que se raspan c\u00e9lulas del cuello del \u00fatero y se observan bajo microscopio) y una colposcop\u00eda seg\u00fan prescripci\u00f3n m\u00e9dica.<\/p>\n<p><strong>CAUSAS<\/strong><br \/>\nEl c\u00e1ncer de cuello de \u00fatero es causado casi siempre por infecci\u00f3n del Virus del papiloma Humano (HPV) transmitido generalmente por v\u00eda sexual. No es hereditario.<\/p>\n<p>El ser causado por un virus ha permitido a los cient\u00edficos desarrollar la vacuna contra este c\u00e1ncer, la cual es gratuita para las adolescentes a partir de los 11 a\u00f1os.<\/p>\n<p><strong>FACTORES DE RIESGO<\/strong><br \/>\nLos factores de riesgo que aumentan las posibilidades de contraer c\u00e1ncer de cuello de \u00fatero son:<br \/>\n\u2022 Comenzar la actividad sexual a edad temprana.<br \/>\n\u2022 Tener m\u00faltiples parejas sexuales.<br \/>\n\u2022 Fumadoras.<br \/>\n\u2022 Portadoras de H.P.V. y H.I.V.<br \/>\n\u2022 No hacerse un PAP anualmente.<\/p>\n<p><strong>SINTOMAS<\/strong><br \/>\nEn la mayor\u00eda de los casos, este c\u00e1ncer crece sin causar ninguna molestia pero si se torna invasivo y toma los tejidos adyacentes puede manifestar los siguientes s\u00edntomas:<br \/>\n\u2022 Hemorragias y flujos vaginales anormales.<br \/>\n\u2022 Dolor o sangrado durante las relaciones sexuales.<br \/>\n\u2022 Dolor p\u00e9lvico.<br \/>\n\u2022 Cualquie sangrado despu\u00e9s de la menopausia.<\/p>\n<h3 style=\"text-align: center;\">\u00a0\u00a1 Cuide su vida ! Una consulta a tiempo puede salvarla.<\/h3>\n","protected":false},"excerpt":{"rendered":"<p>El c\u00e1ncer de cuello de \u00fatero consiste en una proliferaci\u00f3n an\u00f3mala de c\u00e9lulas que se manifiesta en el cuello uterino o c\u00e9rvix (\u00f3rgano que conecta el \u00fatero con la vagina) y que afecta, seg\u00fan estudios de los \u00faltimos a\u00f1os, a mujeres cada vez m\u00e1s j\u00f3venes. Por lo general es un&#8230;<\/p>\n<p> <a class=\"continue-reading-link\" href=\"https:\/\/www.lalcecrosario.org.ar\/lalcec\/cancer-de-cuello-de-utero\/\"><span>Ampliar<\/span><i class=\"crycon-right-dir\"><\/i><\/a> <\/p>\n","protected":false},"author":1,"featured_media":0,"parent":0,"menu_order":0,"comment_status":"closed","ping_status":"closed","template":"","meta":{"footnotes":""},"class_list":["post-22","page","type-page","status-publish","hentry","wpautop"],"jetpack_sharing_enabled":true,"_links":{"self":[{"href":"https:\/\/www.lalcecrosario.org.ar\/lalcec\/wp-json\/wp\/v2\/pages\/22","targetHints":{"allow":["GET"]}}],"collection":[{"href":"https:\/\/www.lalcecrosario.org.ar\/lalcec\/wp-json\/wp\/v2\/pages"}],"about":[{"href":"https:\/\/www.lalcecrosario.org.ar\/lalcec\/wp-json\/wp\/v2\/types\/page"}],"author":[{"embeddable":true,"href":"https:\/\/www.lalcecrosario.org.ar\/lalcec\/wp-json\/wp\/v2\/users\/1"}],"replies":[{"embeddable":true,"href":"https:\/\/www.lalcecrosario.org.ar\/lalcec\/wp-json\/wp\/v2\/comments?post=22"}],"version-history":[{"count":3,"href":"https:\/\/www.lalcecrosario.org.ar\/lalcec\/wp-json\/wp\/v2\/pages\/22\/revisions"}],"predecessor-version":[{"id":240,"href":"https:\/\/www.lalcecrosario.org.ar\/lalcec\/wp-json\/wp\/v2\/pages\/22\/revisions\/240"}],"wp:attachment":[{"href":"https:\/\/www.lalcecrosario.org.ar\/lalcec\/wp-json\/wp\/v2\/media?parent=22"}],"curies":[{"name":"wp","href":"https:\/\/api.w.org\/{rel}","templated":true}]}}