{"id":186,"date":"2015-12-30T07:06:53","date_gmt":"2015-12-30T07:06:53","guid":{"rendered":"http:\/\/www.lalcecrosario.org.ar\/lalcec\/?page_id=186"},"modified":"2015-12-30T07:09:16","modified_gmt":"2015-12-30T07:09:16","slug":"linfedema","status":"publish","type":"page","link":"https:\/\/www.lalcecrosario.org.ar\/lalcec\/linfedema\/","title":{"rendered":"Linfedema"},"content":{"rendered":"<p>El linfedema es un edema cr\u00f3nico y progresivo que puede ser tratado y prevenido.<br \/>\nPuede aparecer inmediatamente despu\u00e9s de la cirug\u00eda, meses o incluso a\u00f1os despu\u00e9s.<\/p>\n<p>C\u00f3mo prevenirlo:<br \/>\n\u2022 Evitar la aplicaci\u00f3n de inyecciones, vacunas, extracci\u00f3n de sangre o la medici\u00f3n de la presi\u00f3n en el miembro afectado.<br \/>\n\u2022 No usar relojes, pulseras o anillos en el miembro afectado.<br \/>\n\u2022 Usar guantes para las tareas dom\u00e9sticas y de jardiner\u00eda.\u2022 Si viaja en avi\u00f3n use contenci\u00f3n el\u00e1stica.<br \/>\n\u2022 Los breteles de los corpi\u00f1os no deben marcar la piel.<br \/>\n\u2022 Evitar exposiciones prolongadas al sol y si lo hace utilizar bloqueador solar.<\/p>\n","protected":false},"excerpt":{"rendered":"<p>El linfedema es un edema cr\u00f3nico y progresivo que puede ser tratado y prevenido. Puede aparecer inmediatamente despu\u00e9s de la cirug\u00eda, meses o incluso a\u00f1os despu\u00e9s. C\u00f3mo prevenirlo: \u2022 Evitar la aplicaci\u00f3n de inyecciones, vacunas, extracci\u00f3n de sangre o la medici\u00f3n de la presi\u00f3n en el miembro afectado. \u2022 No&#8230;<\/p>\n<p> <a class=\"continue-reading-link\" href=\"https:\/\/www.lalcecrosario.org.ar\/lalcec\/linfedema\/\"><span>Ampliar<\/span><i class=\"crycon-right-dir\"><\/i><\/a> <\/p>\n","protected":false},"author":1,"featured_media":0,"parent":0,"menu_order":0,"comment_status":"closed","ping_status":"closed","template":"","meta":{"footnotes":""},"class_list":["post-186","page","type-page","status-publish","hentry","wpautop"],"jetpack_sharing_enabled":true,"_links":{"self":[{"href":"https:\/\/www.lalcecrosario.org.ar\/lalcec\/wp-json\/wp\/v2\/pages\/186","targetHints":{"allow":["GET"]}}],"collection":[{"href":"https:\/\/www.lalcecrosario.org.ar\/lalcec\/wp-json\/wp\/v2\/pages"}],"about":[{"href":"https:\/\/www.lalcecrosario.org.ar\/lalcec\/wp-json\/wp\/v2\/types\/page"}],"author":[{"embeddable":true,"href":"https:\/\/www.lalcecrosario.org.ar\/lalcec\/wp-json\/wp\/v2\/users\/1"}],"replies":[{"embeddable":true,"href":"https:\/\/www.lalcecrosario.org.ar\/lalcec\/wp-json\/wp\/v2\/comments?post=186"}],"version-history":[{"count":2,"href":"https:\/\/www.lalcecrosario.org.ar\/lalcec\/wp-json\/wp\/v2\/pages\/186\/revisions"}],"predecessor-version":[{"id":189,"href":"https:\/\/www.lalcecrosario.org.ar\/lalcec\/wp-json\/wp\/v2\/pages\/186\/revisions\/189"}],"wp:attachment":[{"href":"https:\/\/www.lalcecrosario.org.ar\/lalcec\/wp-json\/wp\/v2\/media?parent=186"}],"curies":[{"name":"wp","href":"https:\/\/api.w.org\/{rel}","templated":true}]}}