{"id":18,"date":"2015-11-10T18:13:35","date_gmt":"2015-11-10T18:13:35","guid":{"rendered":"http:\/\/www.lalcecrosario.org.ar\/lalcec\/?page_id=18"},"modified":"2016-02-26T12:38:17","modified_gmt":"2016-02-26T12:38:17","slug":"cancer-de-mama","status":"publish","type":"page","link":"https:\/\/www.lalcecrosario.org.ar\/lalcec\/cancer-de-mama\/","title":{"rendered":"C\u00e1ncer de mama"},"content":{"rendered":"<p>El c\u00e1ncer de mama es una enfermedad causada por la multiplicaci\u00f3n anormal de las c\u00e9lulas de la mama que forman un tumor maligno.<\/p>\n<p><strong>CAUSAS<\/strong><br \/>\nSe desconocen cu\u00e1les son las causas, aunque existen algunos factores que aumentan el riesgo de contraer la enfermedad:<br \/>\n\u2022 Antecedentes familiares de c\u00e1ncer de mama.<br \/>\n\u2022 Menstruaci\u00f3n a edad temprana.<br \/>\n\u2022 Edad avanzada en el momento del primer parto o nunca haber tenido hijos.<\/p>\n<p>Otros factores que aumentan esta posibilidad y sobre los cuales se puede intervenir son: el sedentarismo, el sobrepeso, el tabaquismo y el consumo de alcohol en proporciones mayores a las recomendadas.<\/p>\n<p><strong>DIAGN\u00d3STICO<\/strong><br \/>\nLa prevenci\u00f3n m\u00e1s eficaz del c\u00e1ncer de mama es la detecci\u00f3n precoz y por eso la autoexploraci\u00f3n de mamas de forma peri\u00f3dica es fundamental. Adem\u00e1s a partir de los 40 a\u00f1os y antes si existen factores predisponentes familiares, se debe realizar una mamograf\u00eda anual que detecta peque\u00f1os tumores que pueden pasar desapercibidos en la autoexploraci\u00f3n.<\/p>\n<p>Ante la aparici\u00f3n de algunos de los siguientes s\u00edntomas, consulte a su m\u00e9dico:<br \/>\n\u2022 N\u00f3dulo o hinchaz\u00f3n en alguna de las mamas.<br \/>\n\u2022 Secreci\u00f3n del pez\u00f3n.<br \/>\n\u2022 Hoyuelos.<br \/>\n\u2022 Arrugas o pliegues nuevos.<br \/>\n\u2022 Pezones retra\u00eddos.<\/p>\n<h3 style=\"text-align: center;\">\u00a1 Cuide su vida !\u00a0\u00a0 Una consulta a tiempo puede salvarla.<\/h3>\n<p>&nbsp;<\/p>\n","protected":false},"excerpt":{"rendered":"<p>El c\u00e1ncer de mama es una enfermedad causada por la multiplicaci\u00f3n anormal de las c\u00e9lulas de la mama que forman un tumor maligno. CAUSAS Se desconocen cu\u00e1les son las causas, aunque existen algunos factores que aumentan el riesgo de contraer la enfermedad: \u2022 Antecedentes familiares de c\u00e1ncer de mama. \u2022&#8230;<\/p>\n<p> <a class=\"continue-reading-link\" href=\"https:\/\/www.lalcecrosario.org.ar\/lalcec\/cancer-de-mama\/\"><span>Ampliar<\/span><i class=\"crycon-right-dir\"><\/i><\/a> <\/p>\n","protected":false},"author":1,"featured_media":0,"parent":0,"menu_order":0,"comment_status":"closed","ping_status":"closed","template":"","meta":{"footnotes":""},"class_list":["post-18","page","type-page","status-publish","hentry","wpautop"],"jetpack_sharing_enabled":true,"_links":{"self":[{"href":"https:\/\/www.lalcecrosario.org.ar\/lalcec\/wp-json\/wp\/v2\/pages\/18","targetHints":{"allow":["GET"]}}],"collection":[{"href":"https:\/\/www.lalcecrosario.org.ar\/lalcec\/wp-json\/wp\/v2\/pages"}],"about":[{"href":"https:\/\/www.lalcecrosario.org.ar\/lalcec\/wp-json\/wp\/v2\/types\/page"}],"author":[{"embeddable":true,"href":"https:\/\/www.lalcecrosario.org.ar\/lalcec\/wp-json\/wp\/v2\/users\/1"}],"replies":[{"embeddable":true,"href":"https:\/\/www.lalcecrosario.org.ar\/lalcec\/wp-json\/wp\/v2\/comments?post=18"}],"version-history":[{"count":5,"href":"https:\/\/www.lalcecrosario.org.ar\/lalcec\/wp-json\/wp\/v2\/pages\/18\/revisions"}],"predecessor-version":[{"id":239,"href":"https:\/\/www.lalcecrosario.org.ar\/lalcec\/wp-json\/wp\/v2\/pages\/18\/revisions\/239"}],"wp:attachment":[{"href":"https:\/\/www.lalcecrosario.org.ar\/lalcec\/wp-json\/wp\/v2\/media?parent=18"}],"curies":[{"name":"wp","href":"https:\/\/api.w.org\/{rel}","templated":true}]}}