{"id":16,"date":"2015-11-10T17:47:52","date_gmt":"2015-11-10T17:47:52","guid":{"rendered":"http:\/\/www.lalcecrosario.org.ar\/lalcec\/?page_id=16"},"modified":"2016-02-26T13:11:42","modified_gmt":"2016-02-26T13:11:42","slug":"sobre-el-cancer","status":"publish","type":"page","link":"https:\/\/www.lalcecrosario.org.ar\/lalcec\/sobre-el-cancer\/","title":{"rendered":"Sobre el C\u00e1ncer"},"content":{"rendered":"<p>Nuestro organismo est\u00e1 constituido por un conjunto de c\u00e9lulas que se dividen de forma regular con el fin de reemplazar a las ya envejecidas o muertas y mantener as\u00ed la integridad y el correcto funcionamiento de los distintos \u00f3rganos. Cuando estos mecanismos se alteran en una c\u00e9lula, sus descendientes inician una divisi\u00f3n incontrolada que con el tiempo dar\u00e1 lugar a un tumor o n\u00f3dulo.<\/p>\n<p>C\u00e1ncer es una enfermedad que transforma algunas c\u00e9lulas normales en otras que se comportan en forma anormal ya que comienzan a dividirse sin detenerse y se diseminan a todo los tejidos dando origen a distintos tipos de c\u00e1ncer.<\/p>\n<p>La prevenci\u00f3n constituye la estrategia mas eficaz para el control del c\u00e1ncer, ya que muchos de ellos se deben a factores externos o h\u00e1bitos de comportamiento y son curables.<\/p>\n<p>Hay dos tipos de prevenci\u00f3n:<\/p>\n<p><strong>Prevenci\u00f3n Primaria<br \/>\n<\/strong>Muchas muertes por c\u00e1ncer pueden<strong> prevenirse tomando decisiones saludables.<br \/>\n<\/strong>\u2022 Mantener una dieta adecuada rica en fibras, vegetales, frutas y baja en grasas y carnes.<br \/>\n\u2022 Evitar el sobrepeso y la obesidad que son perjudiciales para el c\u00e1ncer.<br \/>\n\u2022 Mantener una vida sexual sana y una adecuada higiene genital.<br \/>\n\u2022 Evitar el tabaco y controlar el consumo de bebidas alcoh\u00f3licas.<br \/>\n\u2022 Evitar la exposici\u00f3n al sol por tiempo prolongado y a las radiaciones.<br \/>\n\u2022 Mantener actividad f\u00edsica en forma regular y de acuerdo a la edad.<\/p>\n<p><strong>Prevenci\u00f3n Secundaria<\/strong><br \/>\nSe denomina as\u00ed a las acciones dirigidas a detectar precozmente determinados tumores siguiendo las indicaciones y recomendaciones profesionales.<\/p>\n<p>Es fundamental tomar conciencia de que el diagn\u00f3stico temprano de la enfermedad conlleva ventajas importantes:<br \/>\n\u2022 Recibe tratamientos menos agresivos y m\u00e1s eficaces.<br \/>\n\u2022 Los efectos secundarios son menores.<br \/>\n\u2022 Si se diagnostica la lesi\u00f3n premaligna se puede evitar que \u00e9sta progrese a un c\u00e1ncer.<\/p>\n<p>&nbsp;<\/p>\n","protected":false},"excerpt":{"rendered":"<p>Nuestro organismo est\u00e1 constituido por un conjunto de c\u00e9lulas que se dividen de forma regular con el fin de reemplazar a las ya envejecidas o muertas y mantener as\u00ed la integridad y el correcto funcionamiento de los distintos \u00f3rganos. Cuando estos mecanismos se alteran en una c\u00e9lula, sus descendientes inician&#8230;<\/p>\n<p> <a class=\"continue-reading-link\" href=\"https:\/\/www.lalcecrosario.org.ar\/lalcec\/sobre-el-cancer\/\"><span>Ampliar<\/span><i class=\"crycon-right-dir\"><\/i><\/a> <\/p>\n","protected":false},"author":1,"featured_media":0,"parent":0,"menu_order":0,"comment_status":"closed","ping_status":"closed","template":"","meta":{"footnotes":""},"class_list":["post-16","page","type-page","status-publish","hentry","wpautop"],"jetpack_sharing_enabled":true,"_links":{"self":[{"href":"https:\/\/www.lalcecrosario.org.ar\/lalcec\/wp-json\/wp\/v2\/pages\/16","targetHints":{"allow":["GET"]}}],"collection":[{"href":"https:\/\/www.lalcecrosario.org.ar\/lalcec\/wp-json\/wp\/v2\/pages"}],"about":[{"href":"https:\/\/www.lalcecrosario.org.ar\/lalcec\/wp-json\/wp\/v2\/types\/page"}],"author":[{"embeddable":true,"href":"https:\/\/www.lalcecrosario.org.ar\/lalcec\/wp-json\/wp\/v2\/users\/1"}],"replies":[{"embeddable":true,"href":"https:\/\/www.lalcecrosario.org.ar\/lalcec\/wp-json\/wp\/v2\/comments?post=16"}],"version-history":[{"count":5,"href":"https:\/\/www.lalcecrosario.org.ar\/lalcec\/wp-json\/wp\/v2\/pages\/16\/revisions"}],"predecessor-version":[{"id":254,"href":"https:\/\/www.lalcecrosario.org.ar\/lalcec\/wp-json\/wp\/v2\/pages\/16\/revisions\/254"}],"wp:attachment":[{"href":"https:\/\/www.lalcecrosario.org.ar\/lalcec\/wp-json\/wp\/v2\/media?parent=16"}],"curies":[{"name":"wp","href":"https:\/\/api.w.org\/{rel}","templated":true}]}}