{"id":151,"date":"2015-12-30T02:19:58","date_gmt":"2015-12-30T02:19:58","guid":{"rendered":"http:\/\/www.lalcecrosario.org.ar\/lalcec\/?page_id=151"},"modified":"2016-02-26T12:29:08","modified_gmt":"2016-02-26T12:29:08","slug":"tabaquismo","status":"publish","type":"page","link":"https:\/\/www.lalcecrosario.org.ar\/lalcec\/tabaquismo\/","title":{"rendered":"Tabaquismo"},"content":{"rendered":"<p>El tabaquismo es una adicci\u00f3n psicof\u00edsica que afecta \u00e1reas del cerebro humano.<\/p>\n<p>Es la principal causa de muerte prevenible y responsable de m\u00e1s de 40.000 muertes anuales en nuestro pa\u00eds.<\/p>\n<p>El tabaco produce su efecto nocivo de diferentes maneras y en procesos lentos y silenciosos, por eso cuando aparecen los s\u00edntomas muchos de los da\u00f1os causados son irreversibles.<\/p>\n<p>Si usted fuma, abandonar es la decisi\u00f3n m\u00e1s importante que pueda tomar ya que lograr\u00e1 incuestionables beneficios para su salud:<br \/>\n\u2022 Disminuir\u00e1 el riesgo de padecer enfermedades severas tales como el infarto agudo de miocardio o el c\u00e1ncer de pulm\u00f3n.<br \/>\n\u2022 Mejorar\u00e1 su bienestar general.<br \/>\n\u2022 Mejorar\u00e1 su sexualidad.<br \/>\n\u2022 Evitar\u00e1 el envejecimiento prematuro de su piel.<br \/>\n\u2022 Sentir\u00e1 mas el sabor de los alimentos.<br \/>\n\u2022 Recuperar\u00e1 el aliento.<\/p>\n","protected":false},"excerpt":{"rendered":"<p>El tabaquismo es una adicci\u00f3n psicof\u00edsica que afecta \u00e1reas del cerebro humano. Es la principal causa de muerte prevenible y responsable de m\u00e1s de 40.000 muertes anuales en nuestro pa\u00eds. El tabaco produce su efecto nocivo de diferentes maneras y en procesos lentos y silenciosos, por eso cuando aparecen los&#8230;<\/p>\n<p> <a class=\"continue-reading-link\" href=\"https:\/\/www.lalcecrosario.org.ar\/lalcec\/tabaquismo\/\"><span>Ampliar<\/span><i class=\"crycon-right-dir\"><\/i><\/a> <\/p>\n","protected":false},"author":1,"featured_media":0,"parent":0,"menu_order":0,"comment_status":"closed","ping_status":"closed","template":"","meta":{"footnotes":""},"class_list":["post-151","page","type-page","status-publish","hentry","wpautop"],"jetpack_sharing_enabled":true,"_links":{"self":[{"href":"https:\/\/www.lalcecrosario.org.ar\/lalcec\/wp-json\/wp\/v2\/pages\/151","targetHints":{"allow":["GET"]}}],"collection":[{"href":"https:\/\/www.lalcecrosario.org.ar\/lalcec\/wp-json\/wp\/v2\/pages"}],"about":[{"href":"https:\/\/www.lalcecrosario.org.ar\/lalcec\/wp-json\/wp\/v2\/types\/page"}],"author":[{"embeddable":true,"href":"https:\/\/www.lalcecrosario.org.ar\/lalcec\/wp-json\/wp\/v2\/users\/1"}],"replies":[{"embeddable":true,"href":"https:\/\/www.lalcecrosario.org.ar\/lalcec\/wp-json\/wp\/v2\/comments?post=151"}],"version-history":[{"count":2,"href":"https:\/\/www.lalcecrosario.org.ar\/lalcec\/wp-json\/wp\/v2\/pages\/151\/revisions"}],"predecessor-version":[{"id":234,"href":"https:\/\/www.lalcecrosario.org.ar\/lalcec\/wp-json\/wp\/v2\/pages\/151\/revisions\/234"}],"wp:attachment":[{"href":"https:\/\/www.lalcecrosario.org.ar\/lalcec\/wp-json\/wp\/v2\/media?parent=151"}],"curies":[{"name":"wp","href":"https:\/\/api.w.org\/{rel}","templated":true}]}}