{"id":143,"date":"2015-12-30T01:54:49","date_gmt":"2015-12-30T01:54:49","guid":{"rendered":"http:\/\/www.lalcecrosario.org.ar\/lalcec\/?page_id=143"},"modified":"2016-02-26T12:30:49","modified_gmt":"2016-02-26T12:30:49","slug":"charlas-y-talleres-en-colegios","status":"publish","type":"page","link":"https:\/\/www.lalcecrosario.org.ar\/lalcec\/charlas-y-talleres-en-colegios\/","title":{"rendered":"Charlas y talleres en colegios"},"content":{"rendered":"<p><a href=\"https:\/\/www.lalcecrosario.org.ar\/lalcec\/wp-content\/uploads\/2015\/12\/educacion.jpg\"><img loading=\"lazy\" decoding=\"async\" class=\"alignright wp-image-144 size-medium\" src=\"https:\/\/www.lalcecrosario.org.ar\/lalcec\/wp-content\/uploads\/2015\/12\/educacion-300x201.jpg\" alt=\"educacion\" width=\"300\" height=\"201\" srcset=\"https:\/\/www.lalcecrosario.org.ar\/lalcec\/wp-content\/uploads\/2015\/12\/educacion-300x201.jpg 300w, https:\/\/www.lalcecrosario.org.ar\/lalcec\/wp-content\/uploads\/2015\/12\/educacion-224x150.jpg 224w, https:\/\/www.lalcecrosario.org.ar\/lalcec\/wp-content\/uploads\/2015\/12\/educacion-150x101.jpg 150w, https:\/\/www.lalcecrosario.org.ar\/lalcec\/wp-content\/uploads\/2015\/12\/educacion.jpg 1000w\" sizes=\"auto, (max-width: 300px) 100vw, 300px\" \/><\/a>Durante todo el a\u00f1o lectivo se realizan charlas de prevenci\u00f3n de tabaquismo acompa\u00f1adas de videos e im\u00e1genes en las escuelas de la ciudad.<\/p>\n<p>Las mismas est\u00e1n a cargo de profesionales especializados y tienen como objetivo que los alumnos aprendan a reconocer las consecuencias perjudiciales que tiene el consumo del tabaco, a valorar los beneficios que se obtienen al abstenerse de consumirlo y lograr transmitir lo aprendido a su entorno familias y social.<\/p>\n","protected":false},"excerpt":{"rendered":"<p>Durante todo el a\u00f1o lectivo se realizan charlas de prevenci\u00f3n de tabaquismo acompa\u00f1adas de videos e im\u00e1genes en las escuelas de la ciudad. Las mismas est\u00e1n a cargo de profesionales especializados y tienen como objetivo que los alumnos aprendan a reconocer las consecuencias perjudiciales que tiene el consumo del tabaco,&#8230;<\/p>\n<p> <a class=\"continue-reading-link\" href=\"https:\/\/www.lalcecrosario.org.ar\/lalcec\/charlas-y-talleres-en-colegios\/\"><span>Ampliar<\/span><i class=\"crycon-right-dir\"><\/i><\/a> <\/p>\n","protected":false},"author":1,"featured_media":0,"parent":0,"menu_order":0,"comment_status":"closed","ping_status":"closed","template":"","meta":{"footnotes":""},"class_list":["post-143","page","type-page","status-publish","hentry","wpautop"],"jetpack_sharing_enabled":true,"_links":{"self":[{"href":"https:\/\/www.lalcecrosario.org.ar\/lalcec\/wp-json\/wp\/v2\/pages\/143","targetHints":{"allow":["GET"]}}],"collection":[{"href":"https:\/\/www.lalcecrosario.org.ar\/lalcec\/wp-json\/wp\/v2\/pages"}],"about":[{"href":"https:\/\/www.lalcecrosario.org.ar\/lalcec\/wp-json\/wp\/v2\/types\/page"}],"author":[{"embeddable":true,"href":"https:\/\/www.lalcecrosario.org.ar\/lalcec\/wp-json\/wp\/v2\/users\/1"}],"replies":[{"embeddable":true,"href":"https:\/\/www.lalcecrosario.org.ar\/lalcec\/wp-json\/wp\/v2\/comments?post=143"}],"version-history":[{"count":3,"href":"https:\/\/www.lalcecrosario.org.ar\/lalcec\/wp-json\/wp\/v2\/pages\/143\/revisions"}],"predecessor-version":[{"id":236,"href":"https:\/\/www.lalcecrosario.org.ar\/lalcec\/wp-json\/wp\/v2\/pages\/143\/revisions\/236"}],"wp:attachment":[{"href":"https:\/\/www.lalcecrosario.org.ar\/lalcec\/wp-json\/wp\/v2\/media?parent=143"}],"curies":[{"name":"wp","href":"https:\/\/api.w.org\/{rel}","templated":true}]}}