{"id":141,"date":"2015-12-30T01:50:41","date_gmt":"2015-12-30T01:50:41","guid":{"rendered":"http:\/\/www.lalcecrosario.org.ar\/lalcec\/?page_id=141"},"modified":"2016-02-26T12:32:07","modified_gmt":"2016-02-26T12:32:07","slug":"luzca-bien-sientase-mejor","status":"publish","type":"page","link":"https:\/\/www.lalcecrosario.org.ar\/lalcec\/luzca-bien-sientase-mejor\/","title":{"rendered":"Luzca bien&#8230; si\u00e9ntase mejor"},"content":{"rendered":"<p><a href=\"https:\/\/www.lalcecrosario.org.ar\/lalcec\/wp-content\/uploads\/2015\/12\/LuzcaBien-Foto.jpg\"><img loading=\"lazy\" decoding=\"async\" class=\"alignright wp-image-146 size-medium\" src=\"https:\/\/www.lalcecrosario.org.ar\/lalcec\/wp-content\/uploads\/2015\/12\/LuzcaBien-Foto-300x204.jpg\" alt=\"LuzcaBien-Foto\" width=\"300\" height=\"204\" srcset=\"https:\/\/www.lalcecrosario.org.ar\/lalcec\/wp-content\/uploads\/2015\/12\/LuzcaBien-Foto-300x204.jpg 300w, https:\/\/www.lalcecrosario.org.ar\/lalcec\/wp-content\/uploads\/2015\/12\/LuzcaBien-Foto-221x150.jpg 221w, https:\/\/www.lalcecrosario.org.ar\/lalcec\/wp-content\/uploads\/2015\/12\/LuzcaBien-Foto-150x102.jpg 150w, https:\/\/www.lalcecrosario.org.ar\/lalcec\/wp-content\/uploads\/2015\/12\/LuzcaBien-Foto.jpg 1000w\" sizes=\"auto, (max-width: 300px) 100vw, 300px\" \/><\/a>Luzca bien&#8230; si\u00e9ntase mejor es un programa totalmente gratuito que se lleva a cabo en nuesta instituci\u00f3n y est\u00e1 organizado por CAPA &#8211; C\u00e1mara Argentina de la Industria de Cosm\u00e9tica y Perfumer\u00eda, y dirigida a pacientes oncol\u00f3gicos en tratamiento de quimioterapia o rayos.<\/p>\n<p>Se realizan reuniones anuales durante las cuales se brindan t\u00e9cnicas de maquillaje, se asesora sobre la utilizaci\u00f3n de pelucas o pa\u00f1uelos y cada participante recibe un set de productos cosm\u00e9ticos.<\/p>\n","protected":false},"excerpt":{"rendered":"<p>Luzca bien&#8230; si\u00e9ntase mejor es un programa totalmente gratuito que se lleva a cabo en nuesta instituci\u00f3n y est\u00e1 organizado por CAPA &#8211; C\u00e1mara Argentina de la Industria de Cosm\u00e9tica y Perfumer\u00eda, y dirigida a pacientes oncol\u00f3gicos en tratamiento de quimioterapia o rayos. Se realizan reuniones anuales durante las cuales&#8230;<\/p>\n<p> <a class=\"continue-reading-link\" href=\"https:\/\/www.lalcecrosario.org.ar\/lalcec\/luzca-bien-sientase-mejor\/\"><span>Ampliar<\/span><i class=\"crycon-right-dir\"><\/i><\/a> <\/p>\n","protected":false},"author":1,"featured_media":0,"parent":0,"menu_order":0,"comment_status":"closed","ping_status":"closed","template":"","meta":{"footnotes":""},"class_list":["post-141","page","type-page","status-publish","hentry","wpautop"],"jetpack_sharing_enabled":true,"_links":{"self":[{"href":"https:\/\/www.lalcecrosario.org.ar\/lalcec\/wp-json\/wp\/v2\/pages\/141","targetHints":{"allow":["GET"]}}],"collection":[{"href":"https:\/\/www.lalcecrosario.org.ar\/lalcec\/wp-json\/wp\/v2\/pages"}],"about":[{"href":"https:\/\/www.lalcecrosario.org.ar\/lalcec\/wp-json\/wp\/v2\/types\/page"}],"author":[{"embeddable":true,"href":"https:\/\/www.lalcecrosario.org.ar\/lalcec\/wp-json\/wp\/v2\/users\/1"}],"replies":[{"embeddable":true,"href":"https:\/\/www.lalcecrosario.org.ar\/lalcec\/wp-json\/wp\/v2\/comments?post=141"}],"version-history":[{"count":4,"href":"https:\/\/www.lalcecrosario.org.ar\/lalcec\/wp-json\/wp\/v2\/pages\/141\/revisions"}],"predecessor-version":[{"id":237,"href":"https:\/\/www.lalcecrosario.org.ar\/lalcec\/wp-json\/wp\/v2\/pages\/141\/revisions\/237"}],"wp:attachment":[{"href":"https:\/\/www.lalcecrosario.org.ar\/lalcec\/wp-json\/wp\/v2\/media?parent=141"}],"curies":[{"name":"wp","href":"https:\/\/api.w.org\/{rel}","templated":true}]}}