{"id":135,"date":"2015-12-29T20:13:28","date_gmt":"2015-12-29T20:13:28","guid":{"rendered":"http:\/\/www.lalcecrosario.org.ar\/lalcec\/?page_id=135"},"modified":"2016-02-26T12:30:03","modified_gmt":"2016-02-26T12:30:03","slug":"psicooncologia","status":"publish","type":"page","link":"https:\/\/www.lalcecrosario.org.ar\/lalcec\/psicooncologia\/","title":{"rendered":"Psicooncolog\u00eda"},"content":{"rendered":"<p>La enfermedad oncol\u00f3gica, por su significado cultural y la importancia y gravedad de su diagn\u00f3stico es vivida, a pesar de los avances de la ciencia, como un acontecimiento traum\u00e1tico que impacta la vida del paciente y su familia.<\/p>\n<p>La incidencia sobre los estados emocionales (dado que los pacientes oncol\u00f3gicos presentan m\u00e1s trastornos emocionales que en otras enfermedades som\u00e1ticas) sumados a las caracter\u00edsticas de personalidad, la capacidad de enfrentar problemas, los niveles de sost\u00e9n, etc. van a incidir directa o indirectamente en su actitud ante el diagn\u00f3stico, tratamiento m\u00e9dico-oncol\u00f3gico y su posterior readaptaci\u00f3n a la vida familiar, laboral y social.<\/p>\n<p>Por todo ello se ha desarrollado una subespecialidad psicol\u00f3gica-psiqui\u00e1trica-oncol\u00f3gica, la pSICOONCOLOG\u00cdA que se dedica al estudio, investigaci\u00f3n y acompa\u00f1amiento de las personas que enferman de c\u00e1ncer, orientada especialmente a mejorar su calidad de vida.<\/p>\n<p>Este acompa\u00f1amiento terap\u00e9utico debe ser realizado por especialistas con formaci\u00f3n de post-grado. Las intervenciones pueden ser preventivas, terap\u00e9uticas, individuales, familiares, grupales, psicoeducativas, etc.<\/p>\n<p>Est\u00e1 sufici\u00e9ntemente demostrado que un paciente que recibe ayuda terape\u00fatica desarrolla un afrontamiento positivo que le permite realizar la traves\u00eda del tratamiento con m\u00e1s defensas psiquicas, afectivas y espirituales.<\/p>\n","protected":false},"excerpt":{"rendered":"<p>La enfermedad oncol\u00f3gica, por su significado cultural y la importancia y gravedad de su diagn\u00f3stico es vivida, a pesar de los avances de la ciencia, como un acontecimiento traum\u00e1tico que impacta la vida del paciente y su familia. La incidencia sobre los estados emocionales (dado que los pacientes oncol\u00f3gicos presentan&#8230;<\/p>\n<p> <a class=\"continue-reading-link\" href=\"https:\/\/www.lalcecrosario.org.ar\/lalcec\/psicooncologia\/\"><span>Ampliar<\/span><i class=\"crycon-right-dir\"><\/i><\/a> <\/p>\n","protected":false},"author":1,"featured_media":0,"parent":0,"menu_order":0,"comment_status":"closed","ping_status":"closed","template":"","meta":{"footnotes":""},"class_list":["post-135","page","type-page","status-publish","hentry","wpautop"],"jetpack_sharing_enabled":true,"_links":{"self":[{"href":"https:\/\/www.lalcecrosario.org.ar\/lalcec\/wp-json\/wp\/v2\/pages\/135","targetHints":{"allow":["GET"]}}],"collection":[{"href":"https:\/\/www.lalcecrosario.org.ar\/lalcec\/wp-json\/wp\/v2\/pages"}],"about":[{"href":"https:\/\/www.lalcecrosario.org.ar\/lalcec\/wp-json\/wp\/v2\/types\/page"}],"author":[{"embeddable":true,"href":"https:\/\/www.lalcecrosario.org.ar\/lalcec\/wp-json\/wp\/v2\/users\/1"}],"replies":[{"embeddable":true,"href":"https:\/\/www.lalcecrosario.org.ar\/lalcec\/wp-json\/wp\/v2\/comments?post=135"}],"version-history":[{"count":2,"href":"https:\/\/www.lalcecrosario.org.ar\/lalcec\/wp-json\/wp\/v2\/pages\/135\/revisions"}],"predecessor-version":[{"id":235,"href":"https:\/\/www.lalcecrosario.org.ar\/lalcec\/wp-json\/wp\/v2\/pages\/135\/revisions\/235"}],"wp:attachment":[{"href":"https:\/\/www.lalcecrosario.org.ar\/lalcec\/wp-json\/wp\/v2\/media?parent=135"}],"curies":[{"name":"wp","href":"https:\/\/api.w.org\/{rel}","templated":true}]}}