{"id":121,"date":"2015-12-29T19:27:52","date_gmt":"2015-12-29T19:27:52","guid":{"rendered":"http:\/\/www.lalcecrosario.org.ar\/lalcec\/?page_id=121"},"modified":"2024-07-26T16:51:27","modified_gmt":"2024-07-26T16:51:27","slug":"dispositivos-medicos-cedidos","status":"publish","type":"page","link":"https:\/\/www.lalcecrosario.org.ar\/lalcec\/dispositivos-medicos-cedidos\/","title":{"rendered":"Estad\u00edsticas y Equipos cedidos"},"content":{"rendered":"<p><strong>Estad\u00edsticas de prestaciones <\/strong>Incluyen Internas, Externas y las dos campa\u00f1as (Alba Nora C\u00e1nepa y Jimena Garc\u00eda).<\/p>\n<table style=\"height: 143px;\" width=\"610\">\n<tbody>\n<tr>\n<td>\u00a0<\/td>\n<td style=\"text-align: center;\">A\u00f1o 2023<\/td>\n<td style=\"text-align: center;\">\u00daltimos 10 a\u00f1os<\/td>\n<\/tr>\n<tr>\n<td>SENOGRAF\u00cdAS<\/td>\n<td style=\"text-align: center;\">745<\/td>\n<td style=\"text-align: center;\">18.039<\/td>\n<\/tr>\n<tr>\n<td>PAP\u00b4S<\/td>\n<td style=\"text-align: center;\">490<\/td>\n<td style=\"text-align: center;\">14.470<\/td>\n<\/tr>\n<tr>\n<td>ECOGRAF\u00cdAS<\/td>\n<td style=\"text-align: center;\">1091<\/td>\n<td style=\"text-align: center;\">16.831<\/td>\n<\/tr>\n<tr>\n<td>PSICOONCOLOG\u00cdA<\/td>\n<td style=\"text-align: center;\">232 sesiones<\/td>\n<td style=\"text-align: center;\">7.870 sesiones<\/td>\n<\/tr>\n<tr>\n<td>VIDEOCOLPOSCOP\u00cdAS<\/td>\n<td style=\"text-align: center;\">87<\/td>\n<td style=\"text-align: center;\">672<\/td>\n<\/tr>\n<\/tbody>\n<\/table>\n\n\n<p><strong>Dispositivos m\u00e9dicos cedidos en comodato por LALCEC Rosario a los siguientes Hospitales P\u00fablicos<\/strong><\/p>\n\n\n\n<p><strong>2014<\/strong><br>Digitalizador para el mam\u00f3grafo del Hospital Provincial del Centenario.<\/p>\n\n\n\n<p><strong>2013<\/strong><br>Se digitaliz\u00f3 el \u00faltimo mam\u00f3grafo entregado en el a\u00f1o 2010 al Hospital Provincial, acompa\u00f1ado por una procesadora autom\u00e1tica de pel\u00edculas radiogr\u00e1ficas.<br>Donaci\u00f3n a LALCEC Santa Fe de una procesadora autom\u00e1tica de pel\u00edculas radiogr\u00e1ficas.<\/p>\n\n\n\n<p><strong>2009<\/strong><br>Computadora personal a la C\u00e1tedra de Anatom\u00eda Patol\u00f3gica de la Facultad de Ciencias M\u00e9dicas de la Universidad Nacional de Rosario.<\/p>\n\n\n\n<p><strong>1999<\/strong><br>Microscopio al Servicio de Anatom\u00eda Patol\u00f3gica del Hospital Carrasco.<\/p>\n\n\n\n<p><strong>1997<\/strong><br>Colposcopio al Hospital de Emergencias Clemente \u00c1lvarez (HECA)<br>Se cede en comodato el primer mam\u00f3grafo al Hospital Provincial de Rosario, el cual fue renovado en el a\u00f1o 2003 y en el a\u00f1o 2010 se entreg\u00f3 un tercer mam\u00f3grafo marca Phillips.<br>Cada uno de ellos acompa\u00f1ado por una procesadora autom\u00e1tica de pel\u00edculas radiogr\u00e1ficas.<\/p>\n\n\n\n<p><strong>1994<\/strong><br>Donaci\u00f3n de 4 camas al Hospital Provincial del Centenario.<\/p>\n\n\n\n<p><strong>1990<\/strong><br>Computadora personal a la sala de Oncolog\u00eda del hospital Provincial.<\/p>\n\n\n\n<p><strong>1983<\/strong><br>Microscopio \u00abKarl Zeiss\u00bb al Hospital de Ni\u00f1os Victor J. Vilela.<\/p>\n\n\n\n<p><strong>1981<\/strong><br>Estufo de cultivo a la C\u00e1tedra de Anaton\u00eda Patol\u00f3gica de la Facultad de Ciencias M\u00e9dicas de la Universidad Nacional de Rosario.<\/p>\n\n\n\n<p><strong>1979<\/strong><br>Colposcopio al Hospital de Emergencias Clemente \u00c1lvarez (HECA)<\/p>\n\n\n\n<p><strong>1966<\/strong><br>Centr\u00edfuga de pi\u00e9 al Hospital Granadero Baigorria<br>Centr\u00edfuga de pi\u00e9 al Hospital Provincial.<\/p>\n","protected":false},"excerpt":{"rendered":"<p>Estad\u00edsticas de prestaciones Incluyen Internas, Externas y las dos campa\u00f1as (Alba Nora C\u00e1nepa y Jimena Garc\u00eda). \u00a0 A\u00f1o 2023 \u00daltimos 10 a\u00f1os SENOGRAF\u00cdAS 745 18.039 PAP\u00b4S 490 14.470 ECOGRAF\u00cdAS 1091 16.831 PSICOONCOLOG\u00cdA 232 sesiones 7.870 sesiones VIDEOCOLPOSCOP\u00cdAS 87 672 Dispositivos m\u00e9dicos cedidos en comodato por LALCEC Rosario a los siguientes&#8230;<\/p>\n<p> <a class=\"continue-reading-link\" href=\"https:\/\/www.lalcecrosario.org.ar\/lalcec\/dispositivos-medicos-cedidos\/\"><span>Ampliar<\/span><i class=\"crycon-right-dir\"><\/i><\/a> <\/p>\n","protected":false},"author":1,"featured_media":0,"parent":0,"menu_order":0,"comment_status":"closed","ping_status":"closed","template":"","meta":{"footnotes":""},"class_list":["post-121","page","type-page","status-publish","hentry","wpautop"],"jetpack_sharing_enabled":true,"_links":{"self":[{"href":"https:\/\/www.lalcecrosario.org.ar\/lalcec\/wp-json\/wp\/v2\/pages\/121","targetHints":{"allow":["GET"]}}],"collection":[{"href":"https:\/\/www.lalcecrosario.org.ar\/lalcec\/wp-json\/wp\/v2\/pages"}],"about":[{"href":"https:\/\/www.lalcecrosario.org.ar\/lalcec\/wp-json\/wp\/v2\/types\/page"}],"author":[{"embeddable":true,"href":"https:\/\/www.lalcecrosario.org.ar\/lalcec\/wp-json\/wp\/v2\/users\/1"}],"replies":[{"embeddable":true,"href":"https:\/\/www.lalcecrosario.org.ar\/lalcec\/wp-json\/wp\/v2\/comments?post=121"}],"version-history":[{"count":19,"href":"https:\/\/www.lalcecrosario.org.ar\/lalcec\/wp-json\/wp\/v2\/pages\/121\/revisions"}],"predecessor-version":[{"id":595,"href":"https:\/\/www.lalcecrosario.org.ar\/lalcec\/wp-json\/wp\/v2\/pages\/121\/revisions\/595"}],"wp:attachment":[{"href":"https:\/\/www.lalcecrosario.org.ar\/lalcec\/wp-json\/wp\/v2\/media?parent=121"}],"curies":[{"name":"wp","href":"https:\/\/api.w.org\/{rel}","templated":true}]}}