{"id":104,"date":"2015-12-23T16:10:44","date_gmt":"2015-12-23T16:10:44","guid":{"rendered":"http:\/\/www.lalcecrosario.org.ar\/lalcec\/?page_id=104"},"modified":"2025-02-01T11:22:06","modified_gmt":"2025-02-01T14:22:06","slug":"donaciones","status":"publish","type":"page","link":"https:\/\/www.lalcecrosario.org.ar\/lalcec\/donaciones\/","title":{"rendered":"Donaciones"},"content":{"rendered":"<p><span class=\"OYPEnA font-feature-liga-off font-feature-clig-off font-feature-calt-off text-decoration-none text-strikethrough-none\">A trav\u00e9s de su ayuda podemos financiar campa\u00f1as de prevenci\u00f3n, estudios de detecci\u00f3n temprana y talleres de apoyo y contenci\u00f3n a pacientes oncol\u00f3gicos, entre otras actividades.<\/span><br \/>Para realizar donaciones de dinero usted puede hacerlo de la siguiente manera:<\/p>\n<p>\u2022 \u00a0A trav\u00e9s de dep\u00f3sito o transferencia bancaria.<br \/>Banco Patagonia<br \/>Alias: LALCEC.ROSARIO.BP<br \/>Cuenta Corriente Lalcec Rosario n\u00ba 080 800015338 000<br \/>CBU 0340080700800015338000<\/p>\n<p>\u2022 \u00a0Contact\u00e1ndose con nosotros a trav\u00e9s de los n\u00fameros (0341) 448347 o 4491818.<\/p>\n<p>\u2022 \u00a0Realizando una donaci\u00f3n en memoria de una persona fallecida, la que ser\u00e1 comunicada a los familiares de la misma sin precisar monto, a trav\u00e9s de una tarjeta que enviar\u00e1 nuestra instituci\u00f3n a quien corresponda.<\/p>\n\n\n<p><\/p>\n","protected":false},"excerpt":{"rendered":"<p>A trav\u00e9s de su ayuda podemos financiar campa\u00f1as de prevenci\u00f3n, estudios de detecci\u00f3n temprana y talleres de apoyo y contenci\u00f3n a pacientes oncol\u00f3gicos, entre otras actividades.Para realizar donaciones de dinero usted puede hacerlo de la siguiente manera: \u2022 \u00a0A trav\u00e9s de dep\u00f3sito o transferencia bancaria.Banco PatagoniaAlias: LALCEC.ROSARIO.BPCuenta Corriente Lalcec Rosario&#8230;<\/p>\n<p> <a class=\"continue-reading-link\" href=\"https:\/\/www.lalcecrosario.org.ar\/lalcec\/donaciones\/\"><span>Ampliar<\/span><i class=\"crycon-right-dir\"><\/i><\/a> <\/p>\n","protected":false},"author":1,"featured_media":0,"parent":0,"menu_order":0,"comment_status":"closed","ping_status":"closed","template":"","meta":{"footnotes":""},"class_list":["post-104","page","type-page","status-publish","hentry","wpautop"],"jetpack_sharing_enabled":true,"_links":{"self":[{"href":"https:\/\/www.lalcecrosario.org.ar\/lalcec\/wp-json\/wp\/v2\/pages\/104","targetHints":{"allow":["GET"]}}],"collection":[{"href":"https:\/\/www.lalcecrosario.org.ar\/lalcec\/wp-json\/wp\/v2\/pages"}],"about":[{"href":"https:\/\/www.lalcecrosario.org.ar\/lalcec\/wp-json\/wp\/v2\/types\/page"}],"author":[{"embeddable":true,"href":"https:\/\/www.lalcecrosario.org.ar\/lalcec\/wp-json\/wp\/v2\/users\/1"}],"replies":[{"embeddable":true,"href":"https:\/\/www.lalcecrosario.org.ar\/lalcec\/wp-json\/wp\/v2\/comments?post=104"}],"version-history":[{"count":9,"href":"https:\/\/www.lalcecrosario.org.ar\/lalcec\/wp-json\/wp\/v2\/pages\/104\/revisions"}],"predecessor-version":[{"id":615,"href":"https:\/\/www.lalcecrosario.org.ar\/lalcec\/wp-json\/wp\/v2\/pages\/104\/revisions\/615"}],"wp:attachment":[{"href":"https:\/\/www.lalcecrosario.org.ar\/lalcec\/wp-json\/wp\/v2\/media?parent=104"}],"curies":[{"name":"wp","href":"https:\/\/api.w.org\/{rel}","templated":true}]}}